{"id":48112,"date":"2025-07-08T12:04:49","date_gmt":"2025-07-08T10:04:49","guid":{"rendered":"https:\/\/stage.woods.se\/?post_type=product&#038;p=48112"},"modified":"2026-02-19T10:18:48","modified_gmt":"2026-02-19T09:18:48","slug":"woods-geneva-hsw90","status":"publish","type":"product","link":"https:\/\/woods.se\/da\/produkter\/luftfugter\/til-stuer-og-kontorer\/woods-geneva-hsw90\/","title":{"rendered":"Wood&#8217;s Geneva HSW90"},"content":{"rendered":"<h2>Wood&#8217;s Geneva HSW90<\/h2>\n<h3>Effektiv befugtning giver et sundere indeklima<\/h3>\n<p>Wood&#8217;s Geneva HSW90 er en f\u00f8rsteklasses luftfugter, der er designet til at skabe komfort, beskytte din hud og dit helbred og bevare dit hjem. Fordampningsteknologien giver en kapacitet p\u00e5 op til 900 ml fugt i timen, hvilket genopretter fugtniveauet i t\u00f8rre indend\u00f8rsmilj\u00f8er &#8211; uden risiko for overbefugtning. Det g\u00f8r den ideel til alt fra \u00e5bne stuer til sovev\u00e6relser, kontorer, b\u00f8rnev\u00e6relser og milj\u00f8er med f\u00f8lsomme m\u00f8bler eller tr\u00e6instrumenter.  <\/p>\n<h3>Designet til:<\/h3>\n<p><strong>Familier:<\/strong> Giver et mere sikkert og bedre sovemilj\u00f8.<br \/>\n<strong>Sundhedsbevidste mennesker:<\/strong> Forebygger og lindrer effektivt t\u00f8r og sprukken hud.<br \/>\n<strong>Allergikere: Lindrer ubehag<\/strong>fra t\u00f8r luft og partikler.<br \/>\n<span style=\"color: #343433; font-family: Inter, sans-serif;\"><strong>Musikere og instrumentejere:<\/strong> Beskytter f\u00f8lsomme tr\u00e6instrumenter<\/span><strong>.<\/strong><br \/>\n<strong>Hjem med tr\u00e6gulve og -m\u00f8bler:<\/strong> Den rette luftfugtighed forl\u00e6nger m\u00f8blernes levetid og forebygger skader.<br \/>\n<strong>Kontorer:<\/strong> Skaber et sundere og mere produktivt arbejdsmilj\u00f8.<\/p>\n<h3>St\u00f8jsvag og energieffektiv<\/h3>\n<p>Med et st\u00f8jniveau p\u00e5 kun 23 dB i st\u00f8jsvag tilstand kan HSW90 bruges i sovev\u00e6relser, b\u00f8rnev\u00e6relser og kontorer uden at forstyrre. Samtidig er den meget energieffektiv med et maksimalt str\u00f8mforbrug p\u00e5 kun 28 watt. <\/p>\n<h3>Let at bruge<\/h3>\n<p>Den store vandtank p\u00e5 4,7 liter giver lang driftstid og kan nemt fyldes op via en luge i siden. En tydelig vandstandsindikator viser, hvorn\u00e5r det er tid til at fylde op. Du kan v\u00e6lge mellem to forudindstillede luftfugtighedsniveauer (50 % eller 60 %) eller indstille en af fire ventilatorhastigheder for at tilpasse luftfugtigheden til dine behov.  <\/p>\n<h3>Fordelene ved fordampningsteknologi<\/h3>\n<p>Kernen i HSW90 er fordampningsteknologien &#8211; en proces, hvor luften passerer gennem vandet i filtrene og absorberer fugt, som derefter spredes effektivt i luften. Det er den samme metode, som museer over hele verden bruger til at beskytte uvurderlige genstande. I mods\u00e6tning til ultralydsbefugtere udsender en fordampningsmodel ingen synlig t\u00e5ge og skaber ikke hvide st\u00f8vaflejringer eller fugtpletter p\u00e5 overflader. Den spreder og fordeler den fugtige luft meget mere effektivt og opretholder altid et afbalanceret fugtighedsniveau uden risiko for overfugtning. De dobbelte antibakterielle filtre fanger partikler og h\u00e6mmer bakteriev\u00e6kst &#8211; for renere, sundere og mere hygiejnisk indend\u00f8rsluft.    <\/p>\n<h3>Bygget til at holde &#8211; op til 6 \u00e5rs garanti<\/h3>\n<p>Ved at registrere din Geneva HSW90 p\u00e5 <a href=\"https:\/\/warranty-woods.com\/?utm_source=chatgpt.com\">warranty-woods.com<\/a> og skifte filter mindst en gang om \u00e5ret kan du forl\u00e6nge garantien med op til 6 \u00e5r.<\/p>\n<h3>Beskytter b\u00e5de dit helbred og dit hjem<\/h3>\n<p>En afbalanceret luftfugtighed reducerer risikoen for t\u00f8r hud, allergier og irriterede luftveje &#8211; og forbedrer s\u00f8vnkvaliteten. Samtidig beskytter det tr\u00e6gulve, m\u00f8bler og musikinstrumenter mod revner og udt\u00f8rring, hvilket forl\u00e6nger deres levetid. Det g\u00f8r HSW90 til en lige s\u00e5 god investering for familier og allergikere som for musikere, m\u00f8belejere og kontormilj\u00f8er.  <\/p>\n","protected":false},"excerpt":{"rendered":"<p>Wood&#8217;s Geneva HSW90 er en kraftfuld og st\u00f8jsvag fordampningsbefugter. Med en befugtningskapacitet p\u00e5 900 ml\/t, lydsvag drift og lavt energiforbrug skaber den et optimalt indeklima, der beskytter dit hjem og dit helbred. Den er nem at bruge, har en stor vandtank og er lige s\u00e5 velegnet til sovev\u00e6relser, stuer, kontorer og milj\u00f8er med f\u00f8lsomme m\u00f8bler og instrumenter.  <\/p>\n","protected":false},"featured_media":42190,"template":"","meta":{"_acf_changed":false},"product_brand":[],"product_cat":[4807,4813,853],"product_tag":[3035,3032,3033],"class_list":{"0":"post-48112","1":"product","2":"type-product","3":"status-publish","4":"has-post-thumbnail","6":"product_cat-til-sovevaerelser","7":"product_cat-til-stuer-og-kontorer","8":"product_cat-luftfugter","9":"product_tag-luftfugter-til-smaa-sovevaerelser","10":"product_tag-luftfugter-til-sovevaerelser","11":"product_tag-luftfugtere-til-stuer-og-kontorer","12":"splide__slide","14":"first","15":"instock","16":"taxable","17":"shipping-taxable","18":"purchasable","19":"product-type-simple"},"acf":[],"_links":{"self":[{"href":"https:\/\/woods.se\/da\/wp-json\/wp\/v2\/product\/48112","targetHints":{"allow":["GET"]}}],"collection":[{"href":"https:\/\/woods.se\/da\/wp-json\/wp\/v2\/product"}],"about":[{"href":"https:\/\/woods.se\/da\/wp-json\/wp\/v2\/types\/product"}],"wp:featuredmedia":[{"embeddable":true,"href":"https:\/\/woods.se\/da\/wp-json\/wp\/v2\/media\/42190"}],"wp:attachment":[{"href":"https:\/\/woods.se\/da\/wp-json\/wp\/v2\/media?parent=48112"}],"wp:term":[{"taxonomy":"product_brand","embeddable":true,"href":"https:\/\/woods.se\/da\/wp-json\/wp\/v2\/product_brand?post=48112"},{"taxonomy":"product_cat","embeddable":true,"href":"https:\/\/woods.se\/da\/wp-json\/wp\/v2\/product_cat?post=48112"},{"taxonomy":"product_tag","embeddable":true,"href":"https:\/\/woods.se\/da\/wp-json\/wp\/v2\/product_tag?post=48112"}],"curies":[{"name":"wp","href":"https:\/\/api.w.org\/{rel}","templated":true}]}}