{"id":48111,"date":"2024-12-10T15:06:14","date_gmt":"2024-12-10T14:06:14","guid":{"rendered":"https:\/\/stage.woods.se\/?post_type=product&#038;p=48111"},"modified":"2025-09-15T21:37:13","modified_gmt":"2025-09-15T19:37:13","slug":"woods-whu400","status":"publish","type":"product","link":"https:\/\/woods.se\/da\/produkter\/luftfugter\/til-sovevaerelser\/woods-whu400\/","title":{"rendered":"Wood&#8217;s WHU400"},"content":{"rendered":"<h2>Wood&#8217;s WHU400<\/h2>\n<h3>Praktisk og st\u00f8jsvag ultralydsbefugter<\/h3>\n<p>Wood&#8217;s WHU400 er en lille, men kraftfuld luftfugter, der bruger ultralydsteknologi til at sprede fugt i form af en fin, k\u00f8lig t\u00e5ge. Den er specielt designet til at skabe et behageligt og sundt indeklima i rum p\u00e5 op til 40 m\u00b2 &#8211; perfekt til sovev\u00e6relser, stuer og b\u00f8rnev\u00e6relser.<\/p>\n<h3>St\u00f8jsvag og energieffektiv<\/h3>\n<p>Med et st\u00f8jniveau p\u00e5 mindre end 35 dB er WHU400 meget st\u00f8jsvag, hvilket g\u00f8r den ideel til brug om natten. Det lave energiforbrug p\u00e5 maks. 30 W g\u00f8r den ogs\u00e5 meget omkostningseffektiv i drift.<\/p>\n<h3>Smarte funktioner<\/h3>\n<p>Luftfugteren har en befugtningskapacitet p\u00e5 7,2 liter pr. dag og en gennemsigtig vandtank p\u00e5 3,5 liter, s\u00e5 du nemt kan se, hvor meget vand der er tilbage og nyde en lang driftstid. Du kan selv justere luftfugtigheden mellem 45-75% for altid at opretholde et behageligt niveau i dit hjem. Det indbyggede natlys med bl\u00e5t sk\u00e6r giver et bl\u00f8dt lys, der bidrager til en rolig atmosf\u00e6re i sovev\u00e6relser og b\u00f8rnev\u00e6relser.<\/p>\n<h3>Fordele ved den rette luftfugtighed<\/h3>\n<p>En afbalanceret luftfugtighed reducerer risikoen for t\u00f8r hud, irriterede luftveje og allergiproblemer. Det beskytter ogs\u00e5 m\u00f8bler, gulve og musikinstrumenter mod udt\u00f8rring. Med Wood&#8217;s WHU400 f\u00e5r du en smidig, moderne og p\u00e5lidelig luftfugter, som b\u00e5de forbedrer dit helbred og forl\u00e6nger levetiden for dit hjem og dine ejendele.<\/p>\n<p>V\u00e6lg Wood&#8217;s WHU400 &#8211; en kompakt, st\u00f8jsvag og energieffektiv ultralydsbefugter, som er perfekt til sovev\u00e6relser og stuer.<\/p>\n","protected":false},"excerpt":{"rendered":"<p>Wood&#8217;s WHU400 er en kompakt og energieffektiv ultralydsbefugter, der spreder fugt som en fin t\u00e5ge og skaber et behageligt indeklima i rum p\u00e5 op til 40 m\u00b2. Den har en kapacitet p\u00e5 7,2 liter pr. dag, en vandtank p\u00e5 3,5 liter og er meget st\u00f8jsvag med et st\u00f8jniveau p\u00e5 under 35 dB. Med justerbar luftfugtighed (45-75 %) og indbygget natlys med bl\u00e5t lys er den perfekt til sovev\u00e6relser, b\u00f8rnev\u00e6relser og stuer.<\/p>\n","protected":false},"featured_media":46680,"template":"","meta":{"_acf_changed":false},"product_brand":[],"product_cat":[4807,853],"product_tag":[2980,3035],"class_list":{"0":"post-48111","1":"product","2":"type-product","3":"status-publish","4":"has-post-thumbnail","6":"product_cat-til-sovevaerelser","7":"product_cat-luftfugter","8":"product_tag-40-m-da","9":"product_tag-luftfugter-til-smaa-sovevaerelser","10":"product_shipping_class-high","11":"splide__slide","13":"first","14":"outofstock","15":"taxable","16":"shipping-taxable","17":"purchasable","18":"product-type-simple"},"acf":[],"_links":{"self":[{"href":"https:\/\/woods.se\/da\/wp-json\/wp\/v2\/product\/48111","targetHints":{"allow":["GET"]}}],"collection":[{"href":"https:\/\/woods.se\/da\/wp-json\/wp\/v2\/product"}],"about":[{"href":"https:\/\/woods.se\/da\/wp-json\/wp\/v2\/types\/product"}],"wp:featuredmedia":[{"embeddable":true,"href":"https:\/\/woods.se\/da\/wp-json\/wp\/v2\/media\/46680"}],"wp:attachment":[{"href":"https:\/\/woods.se\/da\/wp-json\/wp\/v2\/media?parent=48111"}],"wp:term":[{"taxonomy":"product_brand","embeddable":true,"href":"https:\/\/woods.se\/da\/wp-json\/wp\/v2\/product_brand?post=48111"},{"taxonomy":"product_cat","embeddable":true,"href":"https:\/\/woods.se\/da\/wp-json\/wp\/v2\/product_cat?post=48111"},{"taxonomy":"product_tag","embeddable":true,"href":"https:\/\/woods.se\/da\/wp-json\/wp\/v2\/product_tag?post=48111"}],"curies":[{"name":"wp","href":"https:\/\/api.w.org\/{rel}","templated":true}]}}