{"id":48107,"date":"2024-12-10T15:05:34","date_gmt":"2024-12-10T14:05:34","guid":{"rendered":"https:\/\/stage.woods.se\/?post_type=product&#038;p=48107"},"modified":"2025-09-15T21:37:10","modified_gmt":"2025-09-15T19:37:10","slug":"woods-whu600","status":"publish","type":"product","link":"https:\/\/woods.se\/da\/produkter\/luftfugter\/til-sovevaerelser\/woods-whu600\/","title":{"rendered":"Wood&#8217;s WHU600"},"content":{"rendered":"<h2>Wood&#8217;s WHU600<\/h2>\n<h3>Fleksibel hybridluftfugter med varm damp og k\u00f8lig t\u00e5ge<\/h3>\n<p>Wood&#8217;s WHU600 er en hybridluftfugter, der kombinerer det bedste fra to verdener: Den kan sprede b\u00e5de kold t\u00e5ge og varm damp for at skabe et behageligt indeklima hele \u00e5ret rundt. Med en kapacitet p\u00e5 op til 7,2 liter pr. dag og et anbefalet areal p\u00e5 50 m\u00b2 er den perfekt til sovev\u00e6relser, stuer og b\u00f8rnev\u00e6relser.<\/p>\n<h3>Let at bruge og smart design<\/h3>\n<p>WHU600 er designet til at v\u00e6re nem at bruge i hverdagen. Den gennemsigtige 5,5-liters vandtank g\u00f8r, at du altid kan se vandstanden og nemt fylde eller reng\u00f8re tanken. Med et st\u00f8jniveau p\u00e5 kun ca. 35 dB arbejder luftfugteren stille og diskret i baggrunden, selv om natten.<\/p>\n<h3>Fuld kontrol over indeklimaet<\/h3>\n<p>Det tydelige display viser b\u00e5de den aktuelle temperatur og luftfugtighed, hvilket g\u00f8r det nemt at tilpasse klimaet til dine behov. Du kan v\u00e6lge mellem tre bl\u00e6serhastigheder og indstille den \u00f8nskede luftfugtighed i intervallet 40-75 %. Med timerfunktion, bl\u00e5t natlys og fjernbetjening f\u00e5r du nem kontrol i alle situationer.<\/p>\n<h3>Ionisator for friskere luft<\/h3>\n<p>WHU600 er udstyret med en ionisator, der renser luften ved at neutralisere partikler, st\u00f8v og forurenende stoffer. Det giver dig ikke kun den rette luftfugtighed, men ogs\u00e5 et renere og sundere indeklima.<\/p>\n<h3>Fordele ved den rette luftfugtighed<\/h3>\n<p>En afbalanceret luftfugtighed hj\u00e6lper med at lindre t\u00f8r hud, irriterede luftveje og allergiproblemer. Samtidig beskytter det tr\u00e6gulve, m\u00f8bler og musikinstrumenter mod udt\u00f8rring og revnedannelse.<\/p>\n<p>V\u00e6lg Wood&#8217;s WHU600 &#8211; en smidig, st\u00f8jsvag og alsidig hybridluftfugter med varm damp, k\u00f8lig t\u00e5ge og smarte funktioner for bedre sundhed og komfort.<\/p>\n","protected":false},"excerpt":{"rendered":"<p>Wood&#8217;s WHU600 er en st\u00f8jsvag og energieffektiv hybridluftfugter til rum p\u00e5 op til 50 m\u00b2. Den kan udsende b\u00e5de varm damp og kold t\u00e5ge og har en kapacitet p\u00e5 7,2 liter pr. dag. Med en stor vandtank p\u00e5 5,5 liter, tre bl\u00e6serhastigheder og et tydeligt display, der viser den aktuelle temperatur og luftfugtighed, har du fuld kontrol over indeklimaet. Udstyret med ionisator (renser luften), fjernbetjening, natlys og timer.<\/p>\n","protected":false},"featured_media":46763,"template":"","meta":{"_acf_changed":false},"product_brand":[],"product_cat":[853,4807],"product_tag":[2984,3035],"class_list":{"0":"post-48107","1":"product","2":"type-product","3":"status-publish","4":"has-post-thumbnail","6":"product_cat-luftfugter","7":"product_cat-til-sovevaerelser","8":"product_tag-50-m-da","9":"product_tag-luftfugter-til-smaa-sovevaerelser","10":"product_shipping_class-high","11":"splide__slide","13":"first","14":"outofstock","15":"taxable","16":"shipping-taxable","17":"purchasable","18":"product-type-simple"},"acf":[],"_links":{"self":[{"href":"https:\/\/woods.se\/da\/wp-json\/wp\/v2\/product\/48107","targetHints":{"allow":["GET"]}}],"collection":[{"href":"https:\/\/woods.se\/da\/wp-json\/wp\/v2\/product"}],"about":[{"href":"https:\/\/woods.se\/da\/wp-json\/wp\/v2\/types\/product"}],"wp:featuredmedia":[{"embeddable":true,"href":"https:\/\/woods.se\/da\/wp-json\/wp\/v2\/media\/46763"}],"wp:attachment":[{"href":"https:\/\/woods.se\/da\/wp-json\/wp\/v2\/media?parent=48107"}],"wp:term":[{"taxonomy":"product_brand","embeddable":true,"href":"https:\/\/woods.se\/da\/wp-json\/wp\/v2\/product_brand?post=48107"},{"taxonomy":"product_cat","embeddable":true,"href":"https:\/\/woods.se\/da\/wp-json\/wp\/v2\/product_cat?post=48107"},{"taxonomy":"product_tag","embeddable":true,"href":"https:\/\/woods.se\/da\/wp-json\/wp\/v2\/product_tag?post=48107"}],"curies":[{"name":"wp","href":"https:\/\/api.w.org\/{rel}","templated":true}]}}