{"id":48098,"date":"2024-12-16T08:35:39","date_gmt":"2024-12-16T07:35:39","guid":{"rendered":"https:\/\/stage.woods.se\/?post_type=product&#038;p=48098"},"modified":"2025-12-12T18:05:30","modified_gmt":"2025-12-12T17:05:30","slug":"woods-airmaster-woz-400","status":"publish","type":"product","link":"https:\/\/woods.se\/da\/produkter\/ozonenhed\/woods-airmaster-woz-400\/","title":{"rendered":"Wood&#8217;s Airmaster WOZ 400"},"content":{"rendered":"<h2>Wood&#8217;s Airmaster WOZ 400<\/h2>\n<h3>Enkel og kraftfuld ozongenerator til professionelle behov<\/h3>\n<p>Wood&#8217;s Airmaster WOZ 400 er designet til at levere effektiv lugtfjernelse p\u00e5 den enklest mulige m\u00e5de. Med en fast ozonproduktion p\u00e5 500 mg\/t og en enkelt t\u00e6nd\/sluk-knap er den meget nem at bruge, hvilket g\u00f8r den ideel til brug p\u00e5 f.eks. hoteller og i sommerhuse. Hvis det er n\u00f8dvendigt, kan den nemt kobles til en timer for at styre ozonproduktionen, f.eks. i et affaldsrum. Det g\u00f8r den til et praktisk valg for professionelle brugere, der \u00f8nsker hurtig og p\u00e5lidelig drift uden komplicerede indstillinger.   <\/p>\n<h3>Fleksibel brug &#8211; selv til renovering af biler<\/h3>\n<p>WOZ 400 kan str\u00f8mforsynes med 12 V (adapter medf\u00f8lger ikke) og tilsluttes direkte til cigarett\u00e6nderen i en bil. Det g\u00f8r den s\u00e6rligt anvendelig til bilrenovering, hvor den effektivt fjerner vedvarende lugt. Desuden kan en silikoneslange (ekstraudstyr) tilsluttes for at lede ozonen til sv\u00e6rt tilg\u00e6ngelige omr\u00e5der, f.eks. ventilation eller fedtudskillere.  <\/p>\n<h3>Robust og brugervenligt design<\/h3>\n<p>Med sin robuste konstruktion, lave energiforbrug og praktiske b\u00e6reh\u00e5ndtag er WOZ 400 nem at flytte mellem forskellige rum. Den kan ogs\u00e5 monteres p\u00e5 v\u00e6ggen ved hj\u00e6lp af en praktisk n\u00f8glehulsl\u00f8sning til station\u00e6r drift. <\/p>\n<h3>Fremstillet i Sverige<\/h3>\n<p>WOZ 400 er udviklet og fremstillet i Sverige med fokus p\u00e5 b\u00e6redygtighed og funktionalitet. Wood&#8217;s er medlem af European Ozone Trade Association (EUOTA) og partner i EUOTA&#8217;s Ozone Dossier for aktive biocidholdige stoffer &#8211; en garanti for h\u00f8j kvalitet og sikker brug. <\/p>\n<h4><strong>Ansvarsfraskrivelse:<\/strong><\/h4>\n<p>Ikke til forbrugerbrug. Vores ozongeneratorer b\u00f8r kun betjenes af uddannede fagfolk med erfaring i h\u00e5ndtering af ozon. Uds\u00e6ttelse for ozon udg\u00f8r en potentiel sundhedsrisiko for mennesker og dyr, og forkert brug kan beskadige elektronik, plastik, silikone, kunstv\u00e6rker og andre materialer. Det er vigtigt at overholde professionelle retningslinjer og sikkerhedsprotokoller, n\u00e5r disse enheder betjenes.   <\/p>\n<h4><strong>Retningslinjer for brug:<\/strong><\/h4>\n<p><strong>Undg\u00e5 beboede omr\u00e5der:<\/strong> Brug ikke vores ozongeneratorer i n\u00e6rheden af mennesker eller dyr. G\u00e5 ikke ind i omr\u00e5der, hvor der produceres ozon.<br \/>\n<strong>Test for optimal brug<\/strong>: Udf\u00f8r indledende tests for at bestemme det passende ozonniveau, der kr\u00e6ves for at neutralisere lugte. Brug kun den n\u00f8dvendige m\u00e6ngde ozon til at fjerne lugte, og undg\u00e5 at bruge for meget.<br \/>\n<strong>Brug af timer:<\/strong> Brug altid en timer, n\u00e5r du bruger din ozonenhed. Hvis din ozonenhed ikke har en indbygget timer, skal du slutte den til en ekstern slukningstimer for at forhindre eksponering for ozon, f\u00f8r den forsvinder.<br \/>\n<strong>Advarselsskilte:<\/strong> N\u00e5r du bruger en ozongenerator i et rum, hvor der er mennesker, f.eks. et affalds- eller genbrugsrum, skal du s\u00e6tte tydelige advarselsskilte op uden for omr\u00e5det for at g\u00f8re folk opm\u00e6rksomme p\u00e5 tilstedev\u00e6relsen af ozon under drift.<br \/>\n<strong>Forholdsregler ved genindtr\u00e6den: <\/strong>Vent med at g\u00e5 ind i lokalet, indtil ozonniveauet er faldet til de accepterede lovlige v\u00e6rdier. Hvis niveauerne overskrider disse standarder, skal du undlade at g\u00e5 ind, indtil ozonen er forsvundet. <\/p>\n","protected":false},"excerpt":{"rendered":"<p>Wood&#8217;s Airmaster WOZ 400 er en svenskproduceret ozongenerator, der producerer 500 mg\/t. Den har en enkel t\u00e6nd\/sluk-knap, som g\u00f8r den meget nem at bruge. Takket v\u00e6re muligheden for at k\u00f8re p\u00e5 12 V (adapter medf\u00f8lger ikke) kan den tilsluttes direkte til et cigarett\u00e6nderstik &#8211; perfekt til bilrenovering. Med en slangetilslutning kan ozonet ledes derhen, hvor der er mest brug for det, f.eks. i ventilation eller fedtudskillere. Robust, energieffektiv og nem at h\u00e5ndtere.    <\/p>\n","protected":false},"featured_media":46889,"template":"","meta":{"_acf_changed":false},"product_brand":[],"product_cat":[854,855],"product_tag":[4610,4608,3568,4609,4611],"class_list":{"0":"post-48098","1":"product","2":"type-product","3":"status-publish","4":"has-post-thumbnail","6":"product_cat-ozonenhed","7":"product_cat-professional-da","8":"product_tag-affaldsrum","9":"product_tag-hoteller","10":"product_tag-ozon-generatorer","11":"product_tag-rekonditionering-af-biler","12":"product_tag-ventilation","13":"product_shipping_class-high","14":"splide__slide","16":"first","17":"instock","18":"taxable","19":"shipping-taxable","20":"product-type-simple"},"acf":[],"_links":{"self":[{"href":"https:\/\/woods.se\/da\/wp-json\/wp\/v2\/product\/48098","targetHints":{"allow":["GET"]}}],"collection":[{"href":"https:\/\/woods.se\/da\/wp-json\/wp\/v2\/product"}],"about":[{"href":"https:\/\/woods.se\/da\/wp-json\/wp\/v2\/types\/product"}],"wp:featuredmedia":[{"embeddable":true,"href":"https:\/\/woods.se\/da\/wp-json\/wp\/v2\/media\/46889"}],"wp:attachment":[{"href":"https:\/\/woods.se\/da\/wp-json\/wp\/v2\/media?parent=48098"}],"wp:term":[{"taxonomy":"product_brand","embeddable":true,"href":"https:\/\/woods.se\/da\/wp-json\/wp\/v2\/product_brand?post=48098"},{"taxonomy":"product_cat","embeddable":true,"href":"https:\/\/woods.se\/da\/wp-json\/wp\/v2\/product_cat?post=48098"},{"taxonomy":"product_tag","embeddable":true,"href":"https:\/\/woods.se\/da\/wp-json\/wp\/v2\/product_tag?post=48098"}],"curies":[{"name":"wp","href":"https:\/\/api.w.org\/{rel}","templated":true}]}}