{"id":48096,"date":"2024-12-16T08:52:52","date_gmt":"2024-12-16T07:52:52","guid":{"rendered":"https:\/\/stage.woods.se\/?post_type=product&#038;p=48096"},"modified":"2025-12-12T18:05:30","modified_gmt":"2025-12-12T17:05:30","slug":"woods-airmaster-woz-500","status":"publish","type":"product","link":"https:\/\/woods.se\/da\/produkter\/ozonenhed\/woods-airmaster-woz-500\/","title":{"rendered":"Wood&#8217;s Airmaster WOZ 500"},"content":{"rendered":"<h2>Wood&#8217;s Airmaster WOZ 500<\/h2>\n<h3>Svenskproduceret ozongenerator til professionelle milj\u00f8er<\/h3>\n<p>Wood&#8217;s Airmaster WOZ 500 er designet til at opfylde kravene i professionelle og industrielle milj\u00f8er, hvor effektiv fjernelse af skimmelsvamp og lugt er afg\u00f8rende. WOZ 500 er fremstillet i Sverige med fokus p\u00e5 funktion, sikkerhed og brugervenlighed og er det perfekte valg til alt fra affaldsrum og genbrugsstationer til test af k\u00f8ret\u00f8jer, lageromr\u00e5der og opfriskning af lejligheder eller hotelv\u00e6relser. <\/p>\n<h3>Justerbar ozonproduktion<\/h3>\n<p>WOZ 500 har en justerbar ozonproduktion fra 5 til 500 mg\/t, hvilket g\u00f8r det nemt at tilpasse ozonniveauet efter behov. Du v\u00e6lger selv produktionsprocenten, hvor 100 % svarer til fuld kapacitet. Det giver stor fleksibilitet og sikker drift i forskellige typer rum.  <\/p>\n<h3>Digital styring med fokus p\u00e5 sikkerhed<\/h3>\n<p>Det digitale kontrolpanel har interval- og dagstimere, som g\u00f8r det nemt at programmere enheden til automatiseret drift. Funktionerne er designet til at give fuld kontrol over ozonproduktionen og samtidig minimere risikoen for for h\u00f8je ozonniveauer. <\/p>\n<h3>Fleksibel brug<\/h3>\n<p>WOZ 500 er udstyret med en slangetilslutning til nem tilslutning af en silikoneslange (ekstraudstyr). Det g\u00f8r det muligt at lede ozon til sv\u00e6rt tilg\u00e6ngelige omr\u00e5der, f.eks. ventilationskanaler eller indbyggede rum, hvor behovet for behandling er st\u00f8rst. <\/p>\n<h3>Ozonr\u00f8rsteknologi &#8211; for lang levetid og sikker drift<\/h3>\n<p>Ozonr\u00f8rsteknologien i WOZ 500 giver et ensartet og kontrolleret ozonniveau. Ozonen dannes gennem et kvartsglasr\u00f8r, hvor der sker elektriske udladninger i et ensartet og beskyttet milj\u00f8. Det giver dig mulighed for at lede ozonen derhen, hvor du vil have den, men forhindrer ogs\u00e5, at ozonen spreder sig i maskinen og beskadiger komponenterne, hvilket g\u00f8r vedligeholdelsen lettere &#8211; og giver en l\u00e6ngere levetid. R\u00f8rene er ogs\u00e5 forseglede og mindre f\u00f8lsomme over for st\u00f8v og snavs.   <\/p>\n<h3>Robust og let h\u00e5ndterligt design<\/h3>\n<p>Med sin solide konstruktion, lave energiforbrug og praktiske b\u00e6reh\u00e5ndtag er WOZ 500 nem at bruge og flytte mellem forskellige arbejdspladser. Den kan ogs\u00e5 monteres p\u00e5 v\u00e6ggen ved hj\u00e6lp af en praktisk n\u00f8glehulsl\u00f8sning, hvilket giver en permanent og pladsbesparende installation. <\/p>\n<h3>Svenskproduceret kvalitet<\/h3>\n<p>Wood&#8217;s Airmaster WOZ 500 er udviklet og fremstillet i Sverige med det st\u00f8rste fokus p\u00e5 holdbarhed og kvalitet. Wood&#8217;s er ogs\u00e5 medlem af European Ozone Trade Association (EUOTA) og partner i EUOTAS Ozone Dossier for aktive biocidholdige stoffer &#8211; hvilket giver ekstra sikkerhed for professionelle brugere. <\/p>\n<h4><strong>Ansvarsfraskrivelse:<\/strong><br \/>\nIkke til forbrugerbrug. Vores ozongeneratorer b\u00f8r kun betjenes af uddannede fagfolk, der har erfaring med at h\u00e5ndtere ozon. Uds\u00e6ttelse for ozon udg\u00f8r en potentiel sundhedsrisiko for mennesker og dyr, og forkert brug kan beskadige elektronik, plast, silikone, kunst og andre materialer. Det er vigtigt at overholde professionelle retningslinjer og sikkerhedsprotokoller, n\u00e5r disse enheder betjenes.   <\/h4>\n<h4><strong>Retningslinjer for brug:<\/strong><\/h4>\n<p><strong>Undg\u00e5 beboede omr\u00e5der: <\/strong>Brug ikke vores ozongeneratorer i n\u00e6rheden af mennesker eller dyr. G\u00e5 ikke ind i omr\u00e5der, hvor der produceres ozon.<br \/>\n<strong>Test for optimal brug:<\/strong> Udf\u00f8r indledende tests for at bestemme det passende ozonniveau, der kr\u00e6ves for at neutralisere lugte. Brug kun den n\u00f8dvendige m\u00e6ngde ozon til at fjerne lugte, og undg\u00e5 at bruge for meget.<br \/>\n<strong>Brug af timer:<\/strong> Brug altid en timer, n\u00e5r du bruger din ozonenhed. Hvis din ozonenhed ikke har en indbygget timer, skal du slutte den til en ekstern slukningstimer for at forhindre eksponering for ozon, f\u00f8r den forsvinder.<br \/>\n<strong>Advarselsskilte:<\/strong> N\u00e5r du bruger en ozongenerator i et rum, hvor der er mennesker, f.eks. et affalds- eller genbrugsrum, skal du s\u00e6tte tydelige advarselsskilte op uden for omr\u00e5det for at g\u00f8re folk opm\u00e6rksomme p\u00e5 tilstedev\u00e6relsen af ozon under drift.<br \/>\n<strong>Forholdsregler ved genindtr\u00e6den: <\/strong>Vent med at g\u00e5 ind i lokalet, indtil ozonniveauet er faldet til de accepterede lovlige v\u00e6rdier. Hvis niveauerne overskrider disse standarder, skal du undlade at g\u00e5 ind, indtil ozonen er forsvundet. <\/p>\n","protected":false},"excerpt":{"rendered":"<p>Wood&#8217;s Airmaster WOZ 500 er en svenskproduceret ozongenerator med ozonr\u00f8rsteknologi, der er udviklet til at fjerne ubehagelige lugte i alt fra affaldsrum og genbrugsstationer til hotelv\u00e6relser, lagerrum og parkeringspladser. Med justerbar ozonproduktion p\u00e5 op til 500 mg\/t, digital styring og indbyggede sikkerhedsfunktioner fjerner den effektivt skimmelsvamp og vedvarende lugt. WOZ 500 er robust, energieffektiv og nem at bruge &#8211; med b\u00e6reh\u00e5ndtag, v\u00e6gmontering og mulighed for slangetilslutning.  <\/p>\n","protected":false},"featured_media":46910,"template":"","meta":{"_acf_changed":false},"product_brand":[],"product_cat":[854,855],"product_tag":[4610,4612,4608,3568,4609],"class_list":{"0":"post-48096","1":"product","2":"type-product","3":"status-publish","4":"has-post-thumbnail","6":"product_cat-ozonenhed","7":"product_cat-professional-da","8":"product_tag-affaldsrum","9":"product_tag-genbrugsstationer","10":"product_tag-hoteller","11":"product_tag-ozon-generatorer","12":"product_tag-rekonditionering-af-biler","13":"product_shipping_class-high","14":"splide__slide","16":"first","17":"instock","18":"taxable","19":"shipping-taxable","20":"product-type-simple"},"acf":[],"_links":{"self":[{"href":"https:\/\/woods.se\/da\/wp-json\/wp\/v2\/product\/48096","targetHints":{"allow":["GET"]}}],"collection":[{"href":"https:\/\/woods.se\/da\/wp-json\/wp\/v2\/product"}],"about":[{"href":"https:\/\/woods.se\/da\/wp-json\/wp\/v2\/types\/product"}],"wp:featuredmedia":[{"embeddable":true,"href":"https:\/\/woods.se\/da\/wp-json\/wp\/v2\/media\/46910"}],"wp:attachment":[{"href":"https:\/\/woods.se\/da\/wp-json\/wp\/v2\/media?parent=48096"}],"wp:term":[{"taxonomy":"product_brand","embeddable":true,"href":"https:\/\/woods.se\/da\/wp-json\/wp\/v2\/product_brand?post=48096"},{"taxonomy":"product_cat","embeddable":true,"href":"https:\/\/woods.se\/da\/wp-json\/wp\/v2\/product_cat?post=48096"},{"taxonomy":"product_tag","embeddable":true,"href":"https:\/\/woods.se\/da\/wp-json\/wp\/v2\/product_tag?post=48096"}],"curies":[{"name":"wp","href":"https:\/\/api.w.org\/{rel}","templated":true}]}}