{"id":44834,"date":"2025-04-16T10:18:19","date_gmt":"2025-04-16T08:18:19","guid":{"rendered":"https:\/\/stage.woods.se\/?post_type=product&#038;p=44834"},"modified":"2026-03-27T16:29:01","modified_gmt":"2026-03-27T15:29:01","slug":"woods-sw26mw","status":"publish","type":"product","link":"https:\/\/woods.se\/da\/produkter\/affugtere\/kaelder\/woods-sw26mw\/","title":{"rendered":"Wood&#8217;s SW26MW"},"content":{"rendered":"<h2>Wood\u00b4s SW26MW (mat hvid)<\/h2>\n<h3>P\u00e5lidelig affugter til kolde rum<\/h3>\n<p>Fugt, mug og d\u00e5rlig lugt er almindeligt i k\u00e6ldre og andre rum, der kan blive kolde, hvilket kan for\u00e5rsage kostbare skader, hvis det ikke udbedres i tide. Wood&#8217;s SW26MW er specielt designet til at skabe et t\u00f8rt og behageligt milj\u00f8 i kolde rum og forhindrer skimmel og lugt i at f\u00e5 fodf\u00e6ste. Med h\u00f8j affugtningskapacitet (13,5 l) og en kraftig luftstr\u00f8m n\u00e5r den alle hj\u00f8rner af rummet, selv i opdelte rum. Denne affugter fjerner fugt og u\u00f8nskede lugte, hvilket g\u00f8r det muligt at opbevare tekstiler og andre f\u00f8lsomme materialer i rummet. Perfekt hvis du bor i et omr\u00e5de hvor det regner meget, har en k\u00e6lder der tr\u00e6nger ekstra beskyttelse mod fugt eller et andet omr\u00e5de i din bolig, hvor der let dannes kondens og fugt.   <\/p>\n<h3>Anbefalede anvendelsesomr\u00e5der:<\/h3>\n<p><strong>K\u00e6lderen:<\/strong> H\u00f8j luftcirkulation og effektiv affugtning holder k\u00e6lderen t\u00f8r og fri for skimmelsvamp. Det giver dig mulighed for at bruge k\u00e6lderen som et almindeligt rum eller til opbevaring.<br \/>\n<strong>Garage:<\/strong> Holder fugt v\u00e6k og beskytter k\u00f8ret\u00f8jer, v\u00e6rkt\u00f8j og andet udstyr \u00e5ret rundt.<br \/>\n<strong>Andre kolde rum:<\/strong> P\u00e5lidelig fugtkontrol ned til +2 \u00b0C, hvilket g\u00f8r den ideel til loftsrum, opbevaringsrum og vinteropbevaring af f.eks. puder og tekstiler.<\/p>\n<h3>Vigtige funktioner:<\/h3>\n\n<h3>H\u00f8j kapacitet og luftstr\u00f8m for effektiv cirkulation<\/h3>\n<p>SW26MW har de egenskaber, der kr\u00e6ves for at fjerne fugt i kolde og udsatte rum som k\u00e6ldre, garager og loftsrum. Med en h\u00f8j affugtningskapacitet p\u00e5 op til 13,5 liter om dagen og en kraftig luftgennemstr\u00f8mning p\u00e5 350 m\u00b3\/time sikrer SW26MW, at der n\u00e5s ud i alle hj\u00f8rner af rummet, selv n\u00e5r det er opdelt i flere rum. <\/p>\n<h3>Nem betjening og funktion, der kan tilpasses<\/h3>\n<p>Med to bl\u00e6serindstillinger og en rummelig 11,4-liters vandtank er SW26MW meget nem at h\u00e5ndtere. For endnu mere fleksibilitet, kan du ogs\u00e5 tilslutte en slange (medf\u00f8lger ikke) til direkte dr\u00e6ning til en gulvbr\u00f8nd\/gulvafl\u00f8b. Den smarte konstruktion g\u00f8r ogs\u00e5, at affugteren kan placeres direkte over et gulvafl\u00f8b. SW26MW er ogs\u00e5 udstyret med autostart, som g\u00f8r, at den automatisk vender tilbage til den seneste indstilling efter en str\u00f8mafbrydelse, s\u00e5 du altid kan v\u00e6re sikker p\u00e5, at den har kontrol over fugtighedsniveauet, s\u00e5 snart str\u00f8mmen er tilbage. SW26MW overv\u00e5ger luftfugtigheden i rummet og starter eller slukker automatisk, n\u00e5r det er n\u00f8dvendigt.    <\/p>\n<h3>Smart skimmel- og st\u00f8vfilter<\/h3>\n<p>SW26MW er udstyret med Woods SMF-filter, der effektivt opfanger st\u00f8v og skimmelpartikler i luften, hvilket beskytter affugteren og forl\u00e6nger dens levetid. Den holder dine rum fri for fugt, skimmel og lugt \u00e5ret rundt, hvilket g\u00f8r den til en sikker og langvarig l\u00f8sning. <\/p>\n<h3>Effektiv hele \u00e5ret rundt, selv ved lave temperaturer<\/h3>\n<p>Takket v\u00e6re den innovative i-EcoDefrost-teknologi kan SW26MW affugte selv ved s\u00e5 lave temperaturer som +2 \u00b0C. Den er bygget til at k\u00f8re kontinuerligt, hvilket g\u00f8r, at den kan v\u00e6re i sikker drift d\u00f8gnet rundt uden afbrydelser. Dette g\u00f8r den ideel til brug \u00e5ret rundt, uanset vejr eller \u00e5rstid. Den holder dine rum fri for fugt, skimmel og d\u00e5rlig lugt hele \u00e5ret, hvilket g\u00f8r den til en sikker og langvarig l\u00f8sning til dit hjem.   <\/p>\n<h3>Bygget til at holde l\u00e6nge<\/h3>\n<p>SW26MW er fremstillet i Sverige med et robust, rustfrit metalhus og er bygget til at fjerne fugt d\u00f8gnet rundt og holde i mange \u00e5r. Den er konstrueret til p\u00e5lidelig fugtkontrol i k\u00e6ldre, garager og loftsrum, hvilket hj\u00e6lper med at bevare dine ejendele og forl\u00e6nge husets levetid. <\/p>\n<h3>Lang garanti og holdbar brug<\/h3>\n<p>Ved at registrere SW26MW p\u00e5 <a href=\"https:\/\/warranty-woods.com\">warranty-woods.com<\/a> og udskifte filteret \u00e5rligt f\u00e5r du en af markedets l\u00e6ngste garantier, hele 6 \u00e5r. Med registreringen f\u00e5r du ogs\u00e5 p\u00e5mindelser om filterudskiftning, hvilket ikke kun forl\u00e6nger affugterens levetid, men ogs\u00e5 sikrer, at den altid arbejder med h\u00f8jeste effektivitet. Glem ikke at gemme kvitteringen, n\u00e5r du k\u00f8ber dine filtre.  <\/p>\n<p>Med Wood\u2019s SW26MW f\u00e5r du en p\u00e5lidelig, holdbar og energieffektiv l\u00f8sning til alle dine fugtproblemer \u2013 fra k\u00e6lder til garage og andre kolde rum. Ogs\u00e5 hvis du \u00f8nsker at forebygge.<\/p>\n","protected":false},"excerpt":{"rendered":"<p>Slip af med fugt, d\u00e5rlig lugt og skimmel med Wood&#8217;s affugter SW26MW. Den affugter op til 13,5 liter vand pr. d\u00f8gn og skaber hurtigt et t\u00f8rt og behageligt milj\u00f8, selv ved lavere temperaturer. Den kraftige luftstr\u00f8m f\u00e5r luften til at cirkulere og affugtes, selvom rummet eller k\u00e6lderen er opdelt i flere rum, og med det effektive filter samt slangekobling er vedligeholdelsen minimal. Perfekt til mindre k\u00e6ldre, garager og andre fugtige rum, med begr\u00e6nset opvarmning. Fremstillet i Sverige med op til 6 \u00e5rs garanti.    <\/p>\n","protected":false},"featured_media":39568,"template":"","meta":{"_acf_changed":false},"product_brand":[],"product_cat":[852,4741],"product_tag":[911,864,863],"class_list":{"0":"post-44834","1":"product","2":"type-product","3":"status-publish","4":"has-post-thumbnail","6":"product_cat-affugtere","7":"product_cat-kaelder","8":"product_tag-garage-da","9":"product_tag-kaelder","10":"product_tag-loftsrum","11":"splide__slide","13":"first","14":"instock","15":"taxable","16":"shipping-taxable","17":"product-type-simple"},"acf":[],"_links":{"self":[{"href":"https:\/\/woods.se\/da\/wp-json\/wp\/v2\/product\/44834","targetHints":{"allow":["GET"]}}],"collection":[{"href":"https:\/\/woods.se\/da\/wp-json\/wp\/v2\/product"}],"about":[{"href":"https:\/\/woods.se\/da\/wp-json\/wp\/v2\/types\/product"}],"wp:featuredmedia":[{"embeddable":true,"href":"https:\/\/woods.se\/da\/wp-json\/wp\/v2\/media\/39568"}],"wp:attachment":[{"href":"https:\/\/woods.se\/da\/wp-json\/wp\/v2\/media?parent=44834"}],"wp:term":[{"taxonomy":"product_brand","embeddable":true,"href":"https:\/\/woods.se\/da\/wp-json\/wp\/v2\/product_brand?post=44834"},{"taxonomy":"product_cat","embeddable":true,"href":"https:\/\/woods.se\/da\/wp-json\/wp\/v2\/product_cat?post=44834"},{"taxonomy":"product_tag","embeddable":true,"href":"https:\/\/woods.se\/da\/wp-json\/wp\/v2\/product_tag?post=44834"}],"curies":[{"name":"wp","href":"https:\/\/api.w.org\/{rel}","templated":true}]}}