{"id":44823,"date":"2024-12-10T14:00:06","date_gmt":"2024-12-10T13:00:06","guid":{"rendered":"https:\/\/stage.woods.se\/?post_type=product&#038;p=44823"},"modified":"2026-03-05T14:27:43","modified_gmt":"2026-03-05T13:27:43","slug":"woods-wdd90","status":"publish","type":"product","link":"https:\/\/woods.se\/da\/produkter\/affugtere\/kolde-rum\/woods-wdd90\/","title":{"rendered":"Wood&#8217;s WDD90"},"content":{"rendered":"<h2>Wood&#8217;s WDD90<\/h2>\n<h3>En ny generation af affugtere til kolde rum<\/h3>\n<p>Wood\u2019s WDD90 er den seneste innovation inden for sorptionsaffugtning \u2013 kompakt, kraftfuld og udstyret med WiFi. Med sit moderne design og avancerede teknologi er den udviklet til at h\u00e5ndtere fugtige og kolde milj\u00f8er, hvor traditionelle affugtere ofte mister effekt. Takket v\u00e6re sorptionsteknologien fungerer den lige s\u00e5 godt ved 0 \u00b0C som ved varmere temperaturer, hvilket g\u00f8r den perfekt til fritidshuse, b\u00e5de og campingvogne.  <\/p>\n<h3>Vigtige funktioner:<\/h3>\n\n<h3>S\u00e5dan fungerer en sorptionsaffugter<\/h3>\n<p>Kernen i WDD90 er en roterende rotor fyldt med absorberingsmateriale, der opfanger fugten i luften. Den frigives derefter ved hj\u00e6lp af varme og ledes v\u00e6k til en kondensator, hvor den omdannes til vand. Vandet opsamles i beholderen eller ledes ud via en slange. Processen giver en naturlig bieffekt \u2013 da der anvendes varme, frigives energi, der h\u00e6ver temperaturen i rummet en smule, hvilket g\u00f8r WDD90 s\u00e6rligt velegnet til kolde omgivelser, hvor man \u00f8nsker at tilf\u00f8re ekstra varme.   <\/p>\n<h3>Effektiv og brugervenlig<\/h3>\n<p>Den nye WDD90 er konstrueret til at v\u00e6re nem at bruge og tilpasse efter behov. Med tre bl\u00e6serhastigheder og kraftig luftstr\u00f8m f\u00e5r du altid det rigtige affugtningsniveau. Det lave st\u00f8jniveau g\u00f8r den ideel ogs\u00e5 i sm\u00e5 rum. Takket v\u00e6re den indbyggede WiFi-funktion kan du styre og overv\u00e5ge affugteren, uanset hvor du befinder dig. Bem\u00e6rk, at du af sikkerhedsm\u00e6ssige \u00e5rsager ikke kan starte affugteren fjernbetjent.    <\/p>\n<h3>Sundt indeklima<\/h3>\n<p>WDD90 er udstyret med et vaskbart st\u00f8vfilter, der g\u00f8r vedligeholdelsen nem. Den indbyggede ionisering renser luften, samtidig med at fugten fjernes \u2013 hvilket giver et friskere, renere og sundere indeklima. <\/p>\n<h3>Udviklet til fleksibilitet<\/h3>\n<p>Med sin smidige st\u00f8rrelse, moderne design og smarte funktioner er WDD90 nem at placere og bruge \u00e5ret rundt. Uanset om du vil beskytte b\u00e5den mod fugtskader om vinteren, holde sommerhuset t\u00f8rt eller skabe et behageligere klima i campingvognen, er WDD90 en ny p\u00e5lidelig l\u00f8sning. <\/p>\n<h3>Forl\u00e6ng din garanti<\/h3>\n<p>Registrer WDD90 p\u00e5 <a href=\"https:\/\/warranty-woods.com\/\">warranty-woods.com<\/a> og forl\u00e6ng garantien fra 2 til 3 \u00e5r.<\/p>\n<p>&nbsp;<\/p>\n","protected":false},"excerpt":{"rendered":"<p>Den nye Wood\u2019s WDD90 er en moderne sorptionsaffugter med WiFi, der kombinerer smart styring med kraftig affugtning. Den fungerer ned til 0 \u00b0C og er ideel til fritidshuse, b\u00e5de og campingvogne, samt mindre rum som fx opbevaring, garager, skurvogne\/beboelsesvogne, annekser og tiny houses. Med tre bl\u00e6serhastigheder, st\u00f8jsvag drift og mulighed for kontinuerlig dr\u00e6ning er den b\u00e5de praktisk og effektiv. Den indbyggede ionisering forbedrer desuden luftkvaliteten og skaber et sundere indeklima.   <\/p>\n","protected":false},"featured_media":43439,"template":"","meta":{"_acf_changed":false},"product_brand":[],"product_cat":[852,4743],"product_tag":[902,2198,904,918,920],"class_list":{"0":"post-44823","1":"product","2":"type-product","3":"status-publish","4":"has-post-thumbnail","6":"product_cat-affugtere","7":"product_cat-kolde-rum","8":"product_tag-bad","9":"product_tag-campingvogne","10":"product_tag-kolde-rum","11":"product_tag-sommerhus","12":"product_tag-wifi-da","13":"product_shipping_class-wdd90","14":"splide__slide","16":"first","17":"instock","18":"taxable","19":"shipping-taxable","20":"purchasable","21":"product-type-simple"},"acf":[],"_links":{"self":[{"href":"https:\/\/woods.se\/da\/wp-json\/wp\/v2\/product\/44823","targetHints":{"allow":["GET"]}}],"collection":[{"href":"https:\/\/woods.se\/da\/wp-json\/wp\/v2\/product"}],"about":[{"href":"https:\/\/woods.se\/da\/wp-json\/wp\/v2\/types\/product"}],"wp:featuredmedia":[{"embeddable":true,"href":"https:\/\/woods.se\/da\/wp-json\/wp\/v2\/media\/43439"}],"wp:attachment":[{"href":"https:\/\/woods.se\/da\/wp-json\/wp\/v2\/media?parent=44823"}],"wp:term":[{"taxonomy":"product_brand","embeddable":true,"href":"https:\/\/woods.se\/da\/wp-json\/wp\/v2\/product_brand?post=44823"},{"taxonomy":"product_cat","embeddable":true,"href":"https:\/\/woods.se\/da\/wp-json\/wp\/v2\/product_cat?post=44823"},{"taxonomy":"product_tag","embeddable":true,"href":"https:\/\/woods.se\/da\/wp-json\/wp\/v2\/product_tag?post=44823"}],"curies":[{"name":"wp","href":"https:\/\/api.w.org\/{rel}","templated":true}]}}