{"id":44818,"date":"2024-12-10T13:39:34","date_gmt":"2024-12-10T12:39:34","guid":{"rendered":"https:\/\/stage.woods.se\/?post_type=product&#038;p=44818"},"modified":"2026-04-24T11:38:24","modified_gmt":"2026-04-24T09:38:24","slug":"woods-ad20","status":"publish","type":"product","link":"https:\/\/woods.se\/da\/produkter\/affugtere\/opholdsrum\/woods-ad20\/","title":{"rendered":"Wood&#8217;s AD20"},"content":{"rendered":"<h2>Wood&#8217;s AD20<\/h2>\n<h3>Kombineret affugter og luftrenser for et sundere indeklima<\/h3>\n<p>Oplev Wood&#8217;s AD20, den perfekte kombination af affugter og luftrenser, specielt designet til lejligheder, sovev\u00e6relser, b\u00f8rnev\u00e6relser og stuer. AD20 hj\u00e6lper dig med at skabe et sundt og behageligt indeklima, uanset \u00e5rstiden. Den fjerner effektivt overskydende fugt og renser luften effektivt for skadelige partikler, hvilket bidrager til at forhindre skimmel, d\u00e5rlig lugt og d\u00e5rlig luftkvalitet.  <\/p>\n<h3>Vigtige funktioner:<\/h3>\n\n<h3>Sund luft i sovev\u00e6relset<\/h3>\n<p>Wood&#8217;s AD20 er ideel til sovev\u00e6relset, hvor den arbejder lydl\u00f8st og effektivt for at sikre, at du sover i et frisk og rent milj\u00f8. Det lave st\u00f8jniveau sikrer, at din nattes\u00f8vn ikke forstyrres, mens enheden kontinuerligt overv\u00e5ger og justerer luftfugtigheden og luftkvaliteten. Med AD20 skaber du optimale forhold for bedre s\u00f8vn og en frisk start p\u00e5 dagen.  <\/p>\n<h3>BalancBalanceret luft i stuen<\/h3>\n<p>AD20 er ogs\u00e5 perfekt til stuer, hvor vi tilbringer meget tid. Ved at rense luften og fjerne fugt sikrer AD20 et afbalanceret indeklima, der er fri for st\u00f8v, allergener og skimmelsvamp. Det patenterede og svenskproducerede Active ION HEPA-filter opfanger op til 99,98 % af skadelige partikler og forurenende stoffer, hvilket forbedrer b\u00e5de din luftkvalitet og dit velbefindende. P\u00e5 den m\u00e5de reducerer den lugt fra sod, nikotin, k\u00e6ledyr, fugt og skimmel.  <\/p>\n<h3>Fleksibel og brugervenlig<\/h3>\n<p>AD20 er ikke kun en kombineret affugter og luftrenser \u2013 du kan ogs\u00e5 bruge den som en dedikeret luftrenser, n\u00e5r der ikke er behov for affugtning. Den er udstyret med en luftsensor, der automatisk justerer sin aktivitet baseret p\u00e5 luftfugtigheden og partikelindholdet i rummet, hvilket g\u00f8r den b\u00e5de energieffektiv og brugervenlig. AD20 er ogs\u00e5 udstyret med en kraftig udbl\u00e6sning p\u00e5 oversiden, hvilket g\u00f8r den optimal til t\u00f8rring af vasket\u00f8j. Perfekt, hvis du bor i en lejlighed eller har begr\u00e6nset plads og har brug for at t\u00f8rre vasket\u00f8jet i badev\u00e6relset, stuen eller sovev\u00e6relset.<br \/>\nFor ekstra bekvemmelighed er AD20 udstyret med en stor vandtank og mulighed for slangetilslutning til direkte dr\u00e6ning. Desuden kan enheden starte automatisk igen efter en str\u00f8mafbrydelse og vende tilbage til de seneste indstillinger, hvilket sikrer kontinuerlig drift og vedligeholdelsesfri brug.    <\/p>\n<h3>Holdbar ydeevne og lang garanti<\/h3>\n<p>Wood&#8217;s AD20 are built to last, and with up to 6 years warranty, you can feel confident in your investment. By reWood\u2019s AD20 er bygget til at holde, og med op til 6 \u00e5rs garanti kan du f\u00f8le dig tryg ved din investering. Ved at registrere din AD20 p\u00e5<a href=\"https:\/\/warranty-woods.com\/\"> warranty.woods.com<\/a> og udskifte filteret \u00e5rligt kan du forl\u00e6nge garantien op til 6 \u00e5r. Du f\u00e5r ogs\u00e5 smarte p\u00e5mindelser om filterudskiftning, hvilket hj\u00e6lper med at forl\u00e6nge levetiden og opretholde optimal ydeevne.  <\/p>\n<p>V\u00e6lg Wood&#8217;s AD20 for et renere, sundere og mere behageligt indeklima \u2013 en l\u00f8sning, der beskytter dit hjem og din sundhed \u00e5ret rundt.<\/p>\n<p><iframe loading=\"lazy\" title=\"Instruction video - Wood&#039;s AD20 (English)\" width=\"500\" height=\"281\" src=\"https:\/\/www.youtube.com\/embed\/vyT4kheSrno?feature=oembed\" frameborder=\"0\" allow=\"accelerometer; autoplay; clipboard-write; encrypted-media; gyroscope; picture-in-picture; web-share\" referrerpolicy=\"strict-origin-when-cross-origin\" allowfullscreen><\/iframe><\/p>\n","protected":false},"excerpt":{"rendered":"<p>Wood\u2019s AD20 er den perfekte kombination af affugter og luftrenser, designet til sovev\u00e6relser, stuer og lejligheder. Med HEPA-filter renser den luften fra 99,98 % af alle skadelige partikler, samtidig med at den ekstremt st\u00f8jsvagt og effektivt fjerner overskydende fugt og ubehagelig lugt. AD20 er designet med en udbl\u00e6sning p\u00e5 oversiden, hvilket g\u00f8r, at den effektivt og sk\u00e5nsomt t\u00f8rrer dit vasket\u00f8j. AD20 skaber et optimalt indeklima der, hvor du tilbringer mest tid.   <\/p>\n","protected":false},"featured_media":43401,"template":"","meta":{"_acf_changed":false},"product_brand":[],"product_cat":[852,4746],"product_tag":[1514,865,913,1444],"class_list":{"0":"post-44818","1":"product","2":"type-product","3":"status-publish","4":"has-post-thumbnail","6":"product_cat-affugtere","7":"product_cat-opholdsrum","8":"product_tag-lejlighed","9":"product_tag-sovevaerelse","10":"product_tag-stue-da","11":"product_tag-stue-da-2","12":"product_shipping_class-high","13":"splide__slide","15":"first","16":"instock","17":"taxable","18":"shipping-taxable","19":"purchasable","20":"product-type-simple"},"acf":[],"_links":{"self":[{"href":"https:\/\/woods.se\/da\/wp-json\/wp\/v2\/product\/44818","targetHints":{"allow":["GET"]}}],"collection":[{"href":"https:\/\/woods.se\/da\/wp-json\/wp\/v2\/product"}],"about":[{"href":"https:\/\/woods.se\/da\/wp-json\/wp\/v2\/types\/product"}],"wp:featuredmedia":[{"embeddable":true,"href":"https:\/\/woods.se\/da\/wp-json\/wp\/v2\/media\/43401"}],"wp:attachment":[{"href":"https:\/\/woods.se\/da\/wp-json\/wp\/v2\/media?parent=44818"}],"wp:term":[{"taxonomy":"product_brand","embeddable":true,"href":"https:\/\/woods.se\/da\/wp-json\/wp\/v2\/product_brand?post=44818"},{"taxonomy":"product_cat","embeddable":true,"href":"https:\/\/woods.se\/da\/wp-json\/wp\/v2\/product_cat?post=44818"},{"taxonomy":"product_tag","embeddable":true,"href":"https:\/\/woods.se\/da\/wp-json\/wp\/v2\/product_tag?post=44818"}],"curies":[{"name":"wp","href":"https:\/\/api.w.org\/{rel}","templated":true}]}}