{"id":44817,"date":"2024-12-10T13:46:40","date_gmt":"2024-12-10T12:46:40","guid":{"rendered":"https:\/\/stage.woods.se\/?post_type=product&#038;p=44817"},"modified":"2026-03-06T14:46:51","modified_gmt":"2026-03-06T13:46:51","slug":"woods-mdk11","status":"publish","type":"product","link":"https:\/\/woods.se\/da\/produkter\/affugtere\/badevaerelse\/woods-mdk11\/","title":{"rendered":"Wood&#8217;s MDK11"},"content":{"rendered":"<h2>Wood&#8217;s MDK 11<\/h2>\n<h3>Effektiv affugtning til badev\u00e6relser<\/h3>\n<p>Wood&#8217;s MDK11 er en kompakt og kraftig affugter, der er perfekt egnet til mindre rum s\u00e5som badev\u00e6relser. Med sit slanke design er den nem at flytte og tage frem, n\u00e5r der er brug for den. MDK11 hj\u00e6lper dig med at opretholde et sundt indeklima uden fugt og skimmel. Den lodrette luftudbl\u00e6sning p\u00e5 toppen af maskinen, holder h\u00e5ndkl\u00e6der friske i l\u00e6ngere tid og t\u00f8rrer effektivt mindre m\u00e6ngder vasket\u00f8j.   <\/p>\n<h3>Vigtige funktioner:<\/h3>\n\n<h3>Brugervenlig og fleksibel betjening<\/h3>\n<p>MDK11 er udstyret med brugervenlige og overskuelige knapper, der g\u00f8r det nemt at indstille det \u00f8nskede fugtighedsniveau, timer og andre funktioner. Timeren giver dig ogs\u00e5 mulighed for at indstille n\u00f8jagtigt, hvor l\u00e6nge affugteren skal v\u00e6re aktiv, s\u00e5 du har fuld kontrol over fugtigheden uden at skulle overv\u00e5ge processen. Den har en st\u00f8jsvag drift, der g\u00f8r den diskret, perfekt til boliger, hvor st\u00f8jniveauet er vigtigt.  <\/p>\n<h3>Energieffektiv og milj\u00f8venlig<\/h3>\n<p>MDK11 bruger k\u00f8lemidlet R290, som er et energieffektivt og mere klimavenligt alternativ. P\u00e5 denne m\u00e5de overholder Wood&#8217;s MDK11 fremtidige milj\u00f8direktiver og giver en gr\u00f8nnere l\u00f8sning til effektiv affugtning. <\/p>\n<h3>P\u00e5lidelig og sikker drift til mindre omr\u00e5der<\/h3>\n<p>Med sin kompakte st\u00f8rrelse, lave energiforbrug og automatiske slukning, n\u00e5r vandtanken er fuld eller luftfugtigheden er optimal, er MDK11 et sikkert og praktisk valg.<\/p>\n<h3>Forl\u00e6ng din garanti<\/h3>\n<p>Ved at registrere din MDK11 p\u00e5 <a href=\"https:\/\/warranty-woods.com\/\">warranty-woods.com<\/a> kan du forl\u00e6nge garantien fra 2 til 3 \u00e5r.<\/p>\n","protected":false},"excerpt":{"rendered":"<p>Woods MDK11 er en kompakt og effektiv affugter, der er ideel til sm\u00e5 rum s\u00e5som badev\u00e6relser. Den fjerner overskydende fugt, reducerer risikoen for skimmelsvamp og forbedrer indeklimaet. Med sin udbl\u00e6sning i toppen t\u00f8rrer MDK11 h\u00e5ndkl\u00e6der og sm\u00e5 m\u00e6ngder vasket\u00f8j, hvilket er perfekt til rum, hvor pladsen er begr\u00e6nset. MDK11 er nem at bruge med et overskueligt, brugervenligt knapdisplay og mulighed for kontinuerlig dr\u00e6ning og er et smart valg for et sundere og friskere indeklima.   <\/p>\n","protected":false},"featured_media":43207,"template":"","meta":{"_acf_changed":false},"product_brand":[],"product_cat":[852,4742],"product_tag":[1235,1236],"class_list":{"0":"post-44817","1":"product","2":"type-product","3":"status-publish","4":"has-post-thumbnail","6":"product_cat-affugtere","7":"product_cat-badevaerelse","8":"product_tag-badevaerelse","9":"product_tag-mindre-rum","10":"product_shipping_class-high","11":"splide__slide","13":"first","14":"instock","15":"taxable","16":"shipping-taxable","17":"purchasable","18":"product-type-simple"},"acf":[],"_links":{"self":[{"href":"https:\/\/woods.se\/da\/wp-json\/wp\/v2\/product\/44817","targetHints":{"allow":["GET"]}}],"collection":[{"href":"https:\/\/woods.se\/da\/wp-json\/wp\/v2\/product"}],"about":[{"href":"https:\/\/woods.se\/da\/wp-json\/wp\/v2\/types\/product"}],"wp:featuredmedia":[{"embeddable":true,"href":"https:\/\/woods.se\/da\/wp-json\/wp\/v2\/media\/43207"}],"wp:attachment":[{"href":"https:\/\/woods.se\/da\/wp-json\/wp\/v2\/media?parent=44817"}],"wp:term":[{"taxonomy":"product_brand","embeddable":true,"href":"https:\/\/woods.se\/da\/wp-json\/wp\/v2\/product_brand?post=44817"},{"taxonomy":"product_cat","embeddable":true,"href":"https:\/\/woods.se\/da\/wp-json\/wp\/v2\/product_cat?post=44817"},{"taxonomy":"product_tag","embeddable":true,"href":"https:\/\/woods.se\/da\/wp-json\/wp\/v2\/product_tag?post=44817"}],"curies":[{"name":"wp","href":"https:\/\/api.w.org\/{rel}","templated":true}]}}