{"id":43200,"date":"2024-12-10T13:54:34","date_gmt":"2024-12-10T12:54:34","guid":{"rendered":"https:\/\/stage.woods.se\/?post_type=product&#038;p=43200"},"modified":"2026-03-05T14:59:17","modified_gmt":"2026-03-05T13:59:17","slug":"woods-mrd25gw","status":"publish","type":"product","link":"https:\/\/woods.se\/da\/produkter\/affugtere\/torre-vasketoj\/woods-mrd25gw\/","title":{"rendered":"Wood&#8217;s MRD25GW"},"content":{"rendered":"<h2>Wood&#8217;s MRD25GW<\/h2>\n<h3>Den optimale l\u00f8sning til t\u00f8rring af vasket\u00f8j<\/h3>\n<p>Wood&#8217;s MRD25GW er den perfekte affugter til vaskerum og andre opvarmede, fugtige rum. Med sin kraftige topudbl\u00e6sning, s\u00e6rlige t\u00f8rreindstilling og indbyggede WiFi kan MRD25GW reducere t\u00f8rretiden betydeligt, samtidig med at den kan fjernstyres og overv\u00e5ges via din mobiltelefon. Det giver dig fuld kontrol, uanset hvor du er. Den t\u00f8rrer dit vasket\u00f8j sk\u00e5nsomt, s\u00e5 t\u00f8jet bevarer sin kvalitet i l\u00e6ngere tid. MRD25GW h\u00e5ndterer op til 25 liter fugt om dagen, hvilket effektivt skaber et frisk og behageligt indeklima uden fugt og risiko for skimmelsvamp.    <\/p>\n<h3>Vigtige funktioner:<\/h3>\n\n<h3>Brugervenlig og fleksibel<\/h3>\n<p>MRD25GW er designet til at v\u00e6re enkel og nem at bruge. Med et tydeligt touch-kontrolpanel og WiFi-forbindelse kan du nemt indstille det \u00f8nskede fugtighedsniveau, b\u00e5de p\u00e5 stedet og p\u00e5 afstand, og lade enheden opretholde disse niveauer. Den har ogs\u00e5 en programmerbar timer, der automatisk starter og stopper affugtningen efter dine behov.  <\/p>\n<h3>Energieffektiv og milj\u00f8venlig<\/h3>\n<p>Med k\u00f8lemidlet R290 er MRD25GW en milj\u00f8venlig l\u00f8sning med lavt energiforbrug og optimal ydelse. Den affugter meget effektivt i opvarmede rum og har en automatisk afrimningsfunktion med en indikator, der viser, hvorn\u00e5r den 3,8 liter store vandtank er fuld. Det sikrer, at den arbejder effektivt og forhindrer un\u00f8dvendigt energiforbrug.  <\/p>\n<h3>Sikker og p\u00e5lidelig til vaskerummet<\/h3>\n<p>Wood&#8217;s MRD25GW er en p\u00e5lidelig og sikker affugter. Den automatiske slukkefunktion aktiveres, n\u00e5r vandtanken er fuld, og et hygrometer sikrer, at luftfugtigheden holdes p\u00e5 det \u00f8nskede niveau. <\/p>\n<h3>Forl\u00e6ng din garanti<\/h3>\n<p>Ved at registrere MRD25GW p\u00e5<a href=\"https:\/\/warranty-woods.com\/\"> warranty-woods.com<\/a> forl\u00e6nger du garantien fra 2 til 3 \u00e5r.<\/p>\n<p>MRD25GW er et sikkert valg til hjemmet og er is\u00e6r nyttig i vaskerum, hvor dens vasketilstand, WiFi-funktion og effektive affugtning g\u00f8r den til en uvurderlig hverdagshj\u00e6lper i dit hjem.<\/p>\n","protected":false},"excerpt":{"rendered":"<p>Wood&#8217;s MRD25GW er en effektiv affugter, der er perfekt til vaskerum og andre opvarmede, fugtige rum. Med en kapacitet p\u00e5 25 liter om dagen, topudsugning og vasket\u00f8jstilstand t\u00f8rrer den hurtigt vasket\u00f8jet og holder luften frisk. Den har WiFi til nem fjernbetjening, er nem at bruge og udstyret med funktioner som automatisk afrimning og et sikkerhedssystem &#8211; en p\u00e5lidelig l\u00f8sning til h\u00e5ndtering af fugt.  <\/p>\n","protected":false},"featured_media":43646,"template":"","meta":{"_acf_changed":false},"product_brand":[],"product_cat":[852,4745],"product_tag":[908,935,920],"class_list":{"0":"post-43200","1":"product","2":"type-product","3":"status-publish","4":"has-post-thumbnail","6":"product_cat-affugtere","7":"product_cat-torre-vasketoj","8":"product_tag-torring-af-vasketoj-i-vaskerummet","9":"product_tag-tort-vasketoj","10":"product_tag-wifi-da","11":"product_shipping_class-high","12":"splide__slide","14":"first","15":"outofstock","16":"taxable","17":"shipping-taxable","18":"purchasable","19":"product-type-simple"},"acf":[],"_links":{"self":[{"href":"https:\/\/woods.se\/da\/wp-json\/wp\/v2\/product\/43200","targetHints":{"allow":["GET"]}}],"collection":[{"href":"https:\/\/woods.se\/da\/wp-json\/wp\/v2\/product"}],"about":[{"href":"https:\/\/woods.se\/da\/wp-json\/wp\/v2\/types\/product"}],"wp:featuredmedia":[{"embeddable":true,"href":"https:\/\/woods.se\/da\/wp-json\/wp\/v2\/media\/43646"}],"wp:attachment":[{"href":"https:\/\/woods.se\/da\/wp-json\/wp\/v2\/media?parent=43200"}],"wp:term":[{"taxonomy":"product_brand","embeddable":true,"href":"https:\/\/woods.se\/da\/wp-json\/wp\/v2\/product_brand?post=43200"},{"taxonomy":"product_cat","embeddable":true,"href":"https:\/\/woods.se\/da\/wp-json\/wp\/v2\/product_cat?post=43200"},{"taxonomy":"product_tag","embeddable":true,"href":"https:\/\/woods.se\/da\/wp-json\/wp\/v2\/product_tag?post=43200"}],"curies":[{"name":"wp","href":"https:\/\/api.w.org\/{rel}","templated":true}]}}