{"id":42667,"date":"2024-12-10T13:48:51","date_gmt":"2024-12-10T12:48:51","guid":{"rendered":"https:\/\/stage.woods.se\/?post_type=product&#038;p=42667"},"modified":"2026-03-06T15:00:28","modified_gmt":"2026-03-06T14:00:28","slug":"woods-mdx14","status":"publish","type":"product","link":"https:\/\/woods.se\/da\/produkter\/affugtere\/badevaerelse\/woods-mdx14\/","title":{"rendered":"Wood&#8217;s MDX14"},"content":{"rendered":"<h2>Wood&#8217;s MDX14<\/h2>\n<h3>Optimal l\u00f8sning til badev\u00e6relser og andre sm\u00e5 rum<\/h3>\n<p>Badev\u00e6relser med brusere er de mest fugtige omr\u00e5der i hjemmet og kan nemt for\u00e5rsage ubehagelige lugte og skimmelv\u00e6kst. Wood&#8217;s MDX14 arbejder stille og effektivt for at opretholde en optimal luftfugtighed, reducerer risikoen for skimmelskader og lugtgener og forbedrer luftkvaliteten. Takket v\u00e6re udl\u00f8bet i toppen kan MDX14 ogs\u00e5 t\u00f8rre sm\u00e5 m\u00e6ngder vasket\u00f8j og holde h\u00e5ndkl\u00e6der t\u00f8rre og friske, hvilket g\u00f8r den ideel til badev\u00e6relser, hvor pladsen ofte er begr\u00e6nset. Den praktiske st\u00f8rrelse, lette v\u00e6gt og lave st\u00f8jniveau g\u00f8r den ogs\u00e5 perfekt til andre sm\u00e5, fugtige rum som campingvogne, autocampere eller sm\u00e5 sovev\u00e6relser.   <\/p>\n<h3>Vigtige funktioner:<\/h3>\n\n<h3>Brugervenlig og fleksibel<\/h3>\n<p>MDX14 er nem at betjene med intuitiv betjening og flere driftstilstande, der g\u00f8r det muligt at justere affugtningen, s\u00e5 den passer til dine behov. Den er udstyret med en 1,5-liters vandtank med slangetilslutning til kontinuerlig dr\u00e6ning, hvilket g\u00f8r vedligeholdelsen nem. Den er ogs\u00e5 meget nem at flytte rundt p\u00e5 takket v\u00e6re den praktiske st\u00f8rrelse og det praktiske h\u00e5ndtag.  <\/p>\n<h3>Energieffektiv og milj\u00f8venlig<\/h3>\n<p>Wood&#8217;s MDX14 bruger k\u00f8lemidlet R290, som er milj\u00f8venligt og energieffektivt. Det sikrer et lavt energiforbrug uden at g\u00e5 p\u00e5 kompromis med ydeevnen. <\/p>\n<h3>Smidig og p\u00e5lidelig<\/h3>\n<p>Affugteren arbejder ved det indstillede fugtighedsniveau og slukker automatisk ved temperaturer under 5 \u00b0C. Med MDX14 f\u00e5r du en kompakt, effektiv og brugervenlig l\u00f8sning, der er perfekt til at holde badev\u00e6relser og andre sm\u00e5 rum friske og fri for fugt hele \u00e5ret rundt. <\/p>\n<h3>Forl\u00e6ng din garanti<\/h3>\n<p>Ved at registrere MDX14 p\u00e5 <a href=\"https:\/\/warranty-woods.com\">warranty-woods.com<\/a> forl\u00e6nger du garantien fra 2 til 3 \u00e5r.<\/p>\n<p>V\u00e6lg Wood&#8217;s MDX14 for at f\u00e5 en smidig og p\u00e5lidelig l\u00f8sning til dit badev\u00e6relse eller andre sm\u00e5 rum, beskyt dit hjem og f\u00e5 et bedre indeklima!<\/p>\n","protected":false},"excerpt":{"rendered":"<p>Wood&#8217;s MDX14 er en kompakt, effektiv og st\u00f8jsvag affugter, der er perfekt til badev\u00e6relser og andre sm\u00e5 rum. Den holder dit badev\u00e6relse fri for fugt, reducerer risikoen for skimmelsvamp og holder luftkvaliteten p\u00e5 sit h\u00f8jeste. Takket v\u00e6re udl\u00f8bet i toppen kan MDX14 ogs\u00e5 t\u00f8rre h\u00e5ndkl\u00e6der og mindre m\u00e6ngder vasket\u00f8j, hvilket g\u00f8r den ideel, hvor pladsen er begr\u00e6nset. MDX14 er brugervenlig med intuitiv betjening og mulighed for kontinuerligt afl\u00f8b og er det perfekte valg til et friskere hjem.   <\/p>\n","protected":false},"featured_media":42013,"template":"","meta":{"_acf_changed":false},"product_brand":[],"product_cat":[852,4742],"product_tag":[1235,1236],"class_list":{"0":"post-42667","1":"product","2":"type-product","3":"status-publish","4":"has-post-thumbnail","6":"product_cat-affugtere","7":"product_cat-badevaerelse","8":"product_tag-badevaerelse","9":"product_tag-mindre-rum","10":"product_shipping_class-high","11":"splide__slide","13":"first","14":"outofstock","15":"taxable","16":"shipping-taxable","17":"purchasable","18":"product-type-simple"},"acf":[],"_links":{"self":[{"href":"https:\/\/woods.se\/da\/wp-json\/wp\/v2\/product\/42667","targetHints":{"allow":["GET"]}}],"collection":[{"href":"https:\/\/woods.se\/da\/wp-json\/wp\/v2\/product"}],"about":[{"href":"https:\/\/woods.se\/da\/wp-json\/wp\/v2\/types\/product"}],"wp:featuredmedia":[{"embeddable":true,"href":"https:\/\/woods.se\/da\/wp-json\/wp\/v2\/media\/42013"}],"wp:attachment":[{"href":"https:\/\/woods.se\/da\/wp-json\/wp\/v2\/media?parent=42667"}],"wp:term":[{"taxonomy":"product_brand","embeddable":true,"href":"https:\/\/woods.se\/da\/wp-json\/wp\/v2\/product_brand?post=42667"},{"taxonomy":"product_cat","embeddable":true,"href":"https:\/\/woods.se\/da\/wp-json\/wp\/v2\/product_cat?post=42667"},{"taxonomy":"product_tag","embeddable":true,"href":"https:\/\/woods.se\/da\/wp-json\/wp\/v2\/product_tag?post=42667"}],"curies":[{"name":"wp","href":"https:\/\/api.w.org\/{rel}","templated":true}]}}