{"id":42666,"date":"2024-10-16T11:14:38","date_gmt":"2024-10-16T09:14:38","guid":{"rendered":"https:\/\/stage.woods.se\/?post_type=product&#038;p=42666"},"modified":"2026-04-28T10:55:49","modified_gmt":"2026-04-28T08:55:49","slug":"woods-mdx20p","status":"publish","type":"product","link":"https:\/\/woods.se\/da\/produkter\/affugtere\/torre-vasketoj\/woods-mdx20p\/","title":{"rendered":"Wood&#8217;s MDX20P"},"content":{"rendered":"<h2>Wood&#8217;s MDX20P<\/h2>\n<h3>Kraftig og st\u00f8jsvag affugter med pumpe, der effektivt t\u00f8rrer dit vasket\u00f8j<\/h3>\n<p>N\u00e5r vasket t\u00f8j h\u00e6nges op, bliver luften fugtig. Ofte s\u00e5 fugtig, at det f\u00f8les som en evighed, f\u00f8r t\u00f8jet t\u00f8rrer, og det giver en karakteristisk d\u00e5rlig lugt. Wood&#8217;s affugter MDX20P l\u00f8ser problemet ved energieffektivt at bl\u00e6se vasket\u00f8jet t\u00f8rt og hurtigt s\u00e6nke luftfugtigheden, s\u00e5 man undg\u00e5r problemer med fugt, skimmel og d\u00e5rlig lugt. Den automatiske pumpefunktion betyder ogs\u00e5, at du ikke beh\u00f8ver at bekymre dig om, hvorvidt der er et gulvafl\u00f8b.   <\/p>\n<h3>Anbefalede anvendelsesomr\u00e5der:<\/h3>\n<p><strong>Vaskerum:<\/strong> Effektiv t\u00f8rring med h\u00f8j luftgennemstr\u00f8mning og automatisk pumpe, ingen grund til at t\u00f8mme beholderen eller have et afl\u00f8b i gulvet.<br \/>\n<strong>Sovev\u00e6relser:<\/strong> Lydsvag drift, b\u00f8rnesikring og timer g\u00f8r den perfekt til rum, hvor du sover eller tilbringer meget tid. Forhindrer fugtproblemer uden at forstyrre dig.<br \/>\n<strong>Lejligheder og opholdsrum:<\/strong> Energieffektiv drift og kompakt design, ideelt til moderne hjem, der har brug for praktisk affugtning.<\/p>\n\n<h3>H\u00f8j affugtning og h\u00f8j luftgennemstr\u00f8mning<\/h3>\n<p>Wood&#8217;s MDX20P affugter op til 20 liter vand om dagen og er designet til og mest effektiv i opvarmede milj\u00f8er som f.eks. lejligheder, sovev\u00e6relser og stuer. Samtidig med at fugten indfanges, bl\u00e6ser den kraftige luftstr\u00f8m varm, t\u00f8r luft fra toppen af maskinen mod vasket\u00f8jet, s\u00e5 det t\u00f8rres og efterlades med en frisk duft. <\/p>\n<h3>Automatisk pumpefunktion<\/h3>\n<p>Wood&#8217;s MDX20P affugter har en stor beholder p\u00e5 6 liter. Du kan ogs\u00e5 nemt tilslutte slangen, s\u00e5 du ikke beh\u00f8ver at bekymre dig om at t\u00f8mme beholderen. Desuden har Wood&#8217;s MDX20P en kraftig indbygget automatisk pumpe, der kan pumpe vand lodret helt op til 10-15 meter, hvilket betyder, at du ikke beh\u00f8ver et gulvafl\u00f8b tilsluttet enheden, men kan lede det overskydende vand til et hvilket som helst afl\u00f8b.  <\/p>\n<h3>St\u00f8jsvag og energieffektiv<\/h3>\n<p>MDX20P er designet til at v\u00e6re s\u00e5 stille, at den kan bruges uden at forstyrre nogen i samme rum.<br \/>\nDet mest bem\u00e6rkelsesv\u00e6rdige er dog, hvor energieffektiv den er. Hvad mere er, for hver liter affugtet vand, der produceres, f\u00e5r du 780 W ren termisk energi tilbage! <\/p>\n<h3>Timer, b\u00f8rnesikring og automatisk start<\/h3>\n<p>Wood&#8217;s MDX20P er udstyret med en timer, s\u00e5 du kan tilpasse driften efter, hvor lang tid det tager at t\u00f8rre dit vasket\u00f8j.<br \/>\nAf hensyn til sikkerheden er den ogs\u00e5 udstyret med en b\u00f8rnesikring, s\u00e5 nysgerrige b\u00f8rn ikke kan \u00e6ndre indstillingerne. Hvis str\u00f8mmen g\u00e5r, genstarter maskinen automatisk med de samme indstillinger, n\u00e5r str\u00f8mmen kommer tilbage. <\/p>\n<h3>Vaskbart filter<\/h3>\n<p>Wood&#8217;s MDX20P-affugter har et aftageligt filter, som beskytter affugteren mod st\u00f8v og snavs, der tr\u00e6nger ind i maskinen, og forl\u00e6nger dens levetid. St\u00f8vsug forsigtigt filteret fra tid til anden, og hvis der er meget snavs, kan du t\u00f8rre det af med en fugtig klud eller skylle det forsigtigt med lunkent vand. <\/p>\n<h3>Registrering af udvidet garanti<\/h3>\n<p>Wood&#8217;s MDX20P-affugter har 2 \u00e5rs garanti. For at f\u00e5 3 \u00e5rs garanti skal du blot registrere din affugter p\u00e5<br \/>\n<a href=\"https:\/\/warranty-woods.com\">garanti-woods.com<\/a>. Glem ikke at gemme kvitteringen. <\/p>\n","protected":false},"excerpt":{"rendered":"<p>Wood&#8217;s MDX20P-affugter er designet til sm\u00e5 t\u00f8rrerum og andre opholdsrum uden gulvafl\u00f8b. Den affugter op til 20 liter vand om dagen p\u00e5 en energieffektiv m\u00e5de og har en kraftig indbygget pumpe, som g\u00f8r det nemt at t\u00f8mme den. Det justerbare topudbl\u00e6sning t\u00f8rrer effektivt dit vasket\u00f8j, og den st\u00f8jsvage drift g\u00f8r den perfekt til rum, hvor du tilbringer meget tid. Wood&#8217;s MDX20P har et vaskbart filter, timer, b\u00f8rnesikring og genstarter efter str\u00f8mafbrydelse. Hvis du registrerer maskinen, f\u00e5r du 3 \u00e5rs garanti.    <\/p>\n","protected":false},"featured_media":35964,"template":"","meta":{"_acf_changed":false},"product_brand":[],"product_cat":[852,4745],"product_tag":[1514,865,913,906],"class_list":{"0":"post-42666","1":"product","2":"type-product","3":"status-publish","4":"has-post-thumbnail","6":"product_cat-affugtere","7":"product_cat-torre-vasketoj","8":"product_tag-lejlighed","9":"product_tag-sovevaerelse","10":"product_tag-stue-da","11":"product_tag-torring-af-vasketoj","12":"product_shipping_class-high","13":"splide__slide","15":"first","16":"instock","17":"taxable","18":"shipping-taxable","19":"purchasable","20":"product-type-simple"},"acf":[],"_links":{"self":[{"href":"https:\/\/woods.se\/da\/wp-json\/wp\/v2\/product\/42666","targetHints":{"allow":["GET"]}}],"collection":[{"href":"https:\/\/woods.se\/da\/wp-json\/wp\/v2\/product"}],"about":[{"href":"https:\/\/woods.se\/da\/wp-json\/wp\/v2\/types\/product"}],"wp:featuredmedia":[{"embeddable":true,"href":"https:\/\/woods.se\/da\/wp-json\/wp\/v2\/media\/35964"}],"wp:attachment":[{"href":"https:\/\/woods.se\/da\/wp-json\/wp\/v2\/media?parent=42666"}],"wp:term":[{"taxonomy":"product_brand","embeddable":true,"href":"https:\/\/woods.se\/da\/wp-json\/wp\/v2\/product_brand?post=42666"},{"taxonomy":"product_cat","embeddable":true,"href":"https:\/\/woods.se\/da\/wp-json\/wp\/v2\/product_cat?post=42666"},{"taxonomy":"product_tag","embeddable":true,"href":"https:\/\/woods.se\/da\/wp-json\/wp\/v2\/product_tag?post=42666"}],"curies":[{"name":"wp","href":"https:\/\/api.w.org\/{rel}","templated":true}]}}