{"id":42622,"date":"2024-12-12T13:04:40","date_gmt":"2024-12-12T12:04:40","guid":{"rendered":"https:\/\/stage.woods.se\/?post_type=product&#038;p=42622"},"modified":"2026-04-21T14:59:24","modified_gmt":"2026-04-21T12:59:24","slug":"woods-al-310fc","status":"publish","type":"product","link":"https:\/\/woods.se\/da\/produkter\/luftrensere\/til-stuer\/woods-al-310fc\/","title":{"rendered":"Wood&#8217;s AL 310FC"},"content":{"rendered":"<h2>Wood&#8217;s AL 310FC<\/h2>\n<h3>Udn\u00e6vnt til den bedste luftrenser i 2025<\/h3>\n<p>D\u00e5rlig indend\u00f8rs luftkvalitet kan for\u00e5rsage allergi, tr\u00e6thed og nedsat koncentration. Wood&#8217;s AL 310FC l\u00f8ser dette problem ved effektivt at filtrere pollen, st\u00f8v og andre skadelige partikler fra og dermed skabe et sundere indeklima. Med sin st\u00f8jsvage og energieffektive drift kan den placeres i sovev\u00e6relser, stuer og kontorer uden at for\u00e5rsage nogen form for forstyrrelse. Takket v\u00e6re dens h\u00f8je rensekapacitet p\u00e5 99,97 % og energieffektivitet blev den k\u00e5ret som bedst i test i 2025 af RISE p\u00e5 vegne af Villalivet. Den har ogs\u00e5 et indbygget filtertjek, der automatisk giver dig besked, n\u00e5r det er tid til at skifte filter, hvilket sikrer optimal luftkvalitet d\u00f8gnet rundt.    <\/p>\n<h3>Hvorn\u00e5r har du brug for en luftrenser?<\/h3>\n<p>Vidste du, at indeluften kan v\u00e6re op til fem gange mere forurenet end udeluften? De fleste mennesker tilbringer over 90 % af deres tid indend\u00f8rs, hvor vi uds\u00e6ttes for store m\u00e6ngder usynlige partikler som pollen, st\u00f8v, skimmelsporer og luftforurenende stoffer. Det er et problem, vi alle har, uden at vi m\u00e5ske er klar over det. Vi forbinder normalt ikke hovedpine, koncentrationsbesv\u00e6r, tr\u00e6thed og tilstoppet n\u00e6se med d\u00e5rlig luftkvalitet, men det kan ofte v\u00e6re \u00e5rsagen.   <\/p>\n<h3>Anbefalede anvendelsesomr\u00e5der:<\/h3>\n<p><strong>Luftrensere lindrer pollenallergi og astma: <\/strong>Pollen og st\u00f8v kan forv\u00e6rre allergi og astma, is\u00e6r i pollens\u00e6sonen. AL 310FC skaber en partikelfri zone ved effektivt at opfange pollenpartikler og allergener fra luften. Ved at placere en luftrenser i et rum, hvor du opholder dig indend\u00f8rs det meste af tiden, f\u00e5r din krop mulighed for at restituere, hvilket reducerer allergiske symptomer p\u00e5 kort sigt og forsinker dem den f\u00f8lgende dag.<br \/>\n<strong>En luftrenser beskytter b\u00f8rns f\u00f8lsomme luftveje:<\/strong> Sm\u00e5 b\u00f8rn har f\u00f8lsomme lunger og et uudviklet immunsystem, hvilket g\u00f8r dem ekstra modtagelige for luftforurening. AL 310FC filtrerer skadelige partikler fra og skaber et sikrere og sundere milj\u00f8 for hele familien.<br \/>\n<strong>Perfekt til kontorer og arbejdspladser:<\/strong> D\u00e5rlig luftkvalitet kan p\u00e5virke koncentrationen, trivslen og effektiviteten p\u00e5 arbejdspladsen. Ved at bruge AL 310FC f\u00e5r du et optimalt indeklima p\u00e5 kontoret og reducerer risikoen for sygefrav\u00e6r og d\u00e5rligt helbred blandt personalet. <\/p>\n<h3>Intelligent filteroverv\u00e5gning for optimal ydelse<\/h3>\n<p>I mods\u00e6tning til mange andre luftrensere er Wood&#8217;s AL 310FC udstyret med en indbygget filterkontrol, hvilket betyder, at den automatisk scanner filteret og minder dig om, hvorn\u00e5r det er tid til at udskifte filteret, fordi det er for snavset. Det betyder, at du aldrig beh\u00f8ver at bekymre dig om, hvorvidt filteret stadig fungerer korrekt; AL 310FC sikrer, at du altid ind\u00e5nder ren luft. <\/p>\n<h3>Hvordan virker en Wood&#8217;s luftrenser?<\/h3>\n<p>En Wood&#8217;s luftrenser bruger avanceret ioniseringsteknologi og h\u00f8jtydende HEPA-filtre til effektivt at rense luften for skadelige partikler som pollen, st\u00f8v og allergener.<\/p>\n<p><img loading=\"lazy\" decoding=\"async\" class=\"alignnone wp-image-40680 size-medium\" src=\"https:\/\/woods.se\/wp-content\/uploads\/2024\/12\/illustration-400px-249x300.jpeg\" alt=\"\" width=\"249\" height=\"300\" srcset=\"https:\/\/woods.se\/wp-content\/uploads\/2024\/12\/illustration-400px-249x300.jpeg 249w, https:\/\/woods.se\/wp-content\/uploads\/2024\/12\/illustration-400px-374x450.jpeg 374w, https:\/\/woods.se\/wp-content\/uploads\/2024\/12\/illustration-400px.jpeg 400w\" sizes=\"auto, (max-width: 249px) 100vw, 249px\" \/><\/p>\n<h4><strong>Ionisering<\/strong> g\u00f8r det lettere at fange difuse partikler<\/h4>\n<p>&#8211; Luften suges ind gennem en st\u00f8jsvag og energieffektiv ventilator.<br \/>\n&#8211; Luftpartiklerne f\u00e5r en svag positiv ladning, som f\u00e5r dem til at klumpe sig sammen og blive trukket til filteret som en magnet, da det er negativt ladet.<\/p>\n<p><img loading=\"lazy\" decoding=\"async\" class=\"alignnone wp-image-40687 size-medium\" src=\"https:\/\/woods.se\/wp-content\/uploads\/2024\/12\/activeionhepa_400px2-300x300.jpeg\" alt=\"\" width=\"300\" height=\"300\" srcset=\"https:\/\/woods.se\/wp-content\/uploads\/2024\/12\/activeionhepa_400px2-300x300.jpeg 300w, https:\/\/woods.se\/wp-content\/uploads\/2024\/12\/activeionhepa_400px2-150x150.jpeg 150w, https:\/\/woods.se\/wp-content\/uploads\/2024\/12\/activeionhepa_400px2-100x100.jpeg 100w, https:\/\/woods.se\/wp-content\/uploads\/2024\/12\/activeionhepa_400px2.jpeg 400w\" sizes=\"auto, (max-width: 300px) 100vw, 300px\" \/><\/p>\n<h4>Patenteret og svenskproduceret Active ION HEPA-filter<\/h4>\n<p>&#8211; Takket v\u00e6re den patenterede teknologi kan Active ION HEPA-filtre v\u00e6re mindre t\u00e6tte end traditionelle HEPA-filtre og stadig opn\u00e5 samme h\u00f8je rensningsniveau.<br \/>\n&#8211; Filteret er opbygget af mange lag plisserede filtermedier. Det giver et meget stort samlet filterareal og en enest\u00e5ende filtreringskapacitet.<br \/>\n&#8211; Denne teknologi sikrer, at al luft renses uden risiko for, at ufiltreret luft slipper igennem.<\/p>\n<h3>H\u00f8j CADR og energieffektiv luftrensning<\/h3>\n<p>AL 310 FC kombinerer h\u00f8j ydeevne med energieffektivitet for at skabe et sundere indeklima. Med en CADR (Clean Air Delivery Rate) p\u00e5 274 m\u00b3\/t for pollen filtrerer den hurtigt og effektivt luftb\u00e5rne partikler ud. Det g\u00f8r den til et fremragende valg for allergikere og f\u00f8lsomme personer, der har brug for ren luft hele \u00e5ret rundt.<br \/>\nMed en CADR\/Watt p\u00e5 13,0 giver AL 310 FC maksimal luftrensning pr. forbrugt watt energi. Den h\u00f8je kapacitet og det lave energiforbrug g\u00f8r den b\u00e5de omkostningseffektiv og milj\u00f8venlig.   <\/p>\n<p><img loading=\"lazy\" decoding=\"async\" class=\"alignnone wp-image-40673 size-medium\" src=\"https:\/\/woods.se\/wp-content\/uploads\/2024\/12\/aham-intertek-300x120.jpeg\" alt=\"\" width=\"300\" height=\"120\" srcset=\"https:\/\/woods.se\/wp-content\/uploads\/2024\/12\/aham-intertek-300x120.jpeg 300w, https:\/\/woods.se\/wp-content\/uploads\/2024\/12\/aham-intertek-1024x410.jpeg 1024w, https:\/\/woods.se\/wp-content\/uploads\/2024\/12\/aham-intertek-768x307.jpeg 768w, https:\/\/woods.se\/wp-content\/uploads\/2024\/12\/aham-intertek-500x200.jpeg 500w, https:\/\/woods.se\/wp-content\/uploads\/2024\/12\/aham-intertek-1400x560.jpeg 1400w, https:\/\/woods.se\/wp-content\/uploads\/2024\/12\/aham-intertek-700x280.jpeg 700w, https:\/\/woods.se\/wp-content\/uploads\/2024\/12\/aham-intertek-600x240.jpeg 600w, https:\/\/woods.se\/wp-content\/uploads\/2024\/12\/aham-intertek.jpeg 1417w\" sizes=\"auto, (max-width: 300px) 100vw, 300px\" \/><\/p>\n<h3>Luftrensere fjerner r\u00f8g, gasser og lugt ved hj\u00e6lp af et ekstra kulfilter<\/h3>\n<p>D\u00e5rlig indend\u00f8rs luftkvalitet kan skyldes udst\u00f8dningsgasser, cigaretr\u00f8g og madlavningslugt, som kan p\u00e5virke dit helbred og dit velbefindende i hjemmet. For dem, der \u00f8nsker at fjerne r\u00f8g, gasser og u\u00f8nskede lugte, kan Wood&#8217;s Chem Control kulfilter f\u00e5s som ekstraudstyr. Dette kulfilter af h\u00f8j kvalitet absorberer luftforurenende stoffer og skaber et endnu renere indeklima. Disse filtre f\u00e5s til vores luftrensere ELFI 300, AL 310 og GRAN 900.   <\/p>\n<h3>Registrer din luftrenser og f\u00e5 udvidet garanti<\/h3>\n<p>Registrer din luftrenser p\u00e5 <a href=\"https:\/\/warranty-woods.com\">warranty-woods.com<\/a>, og udskift filteret, n\u00e5r AL 310FC minder dig om det (ca. hver sjette m\u00e5ned) for at f\u00e5 den l\u00e6ngste garanti p\u00e5 markedet: 10 \u00e5r.<\/p>\n<p>Med Wood&#8217;s AL 310FC f\u00e5r du en kraftig, stilfuld og energieffektiv luftrenser, der forbedrer din livskvalitet. Uanset om du lider af allergi, har sm\u00e5 b\u00f8rn eller \u00f8nsker et sundere arbejdsmilj\u00f8, er dette den ultimative l\u00f8sning til renere luft hver dag. <\/p>\n","protected":false},"excerpt":{"rendered":"<p>D\u00e5rlig indend\u00f8rs luftkvalitet kan v\u00e6re et skjult problem, der p\u00e5virker b\u00e5de helbred og velv\u00e6re. Pollen, st\u00f8v og andre luftforurenende stoffer kan for\u00e5rsage allergiske reaktioner, tr\u00e6thed og koncentrationsbesv\u00e6r. Med Wood&#8217;s AL 310FC f\u00e5r du en luftrenser, der hurtigt og effektivt fjerner pollen og st\u00f8v, hvilket g\u00f8r den perfekt til allergikere og arbejdsmilj\u00f8er, hvor ren luft er afg\u00f8rende. Wood&#8217;s AL 310FC blev k\u00e5ret som bedst i test i 2025. Den er svenskproduceret, udstyret med automatisk filterkontrol og har en garanti p\u00e5 op til 10 \u00e5r.    <\/p>\n","protected":false},"featured_media":39950,"template":"","meta":{"_acf_changed":false},"product_brand":[],"product_cat":[4803,4805,4802,4804,851,3837],"product_tag":[903,914,3010,3012,3009,3011,865,913],"class_list":{"0":"post-42622","1":"product","2":"type-product","3":"status-publish","4":"has-post-thumbnail","6":"product_cat-til-boernevaerelser","7":"product_cat-til-kontorer","8":"product_cat-til-sovevaerelser","9":"product_cat-til-stuer","10":"product_cat-luftrensere","11":"product_cat-villaagarna","12":"product_tag-bornevaerelse","13":"product_tag-kontor-da","14":"product_tag-luftrensere-til-barnevaerelset","15":"product_tag-luftrensere-til-kontorer","16":"product_tag-luftrensere-til-sovevaerelset","17":"product_tag-luftrensere-til-stuer","18":"product_tag-sovevaerelse","19":"product_tag-stue-da","20":"product_shipping_class-sweden-high","21":"splide__slide","23":"first","24":"instock","25":"taxable","26":"shipping-taxable","27":"purchasable","28":"product-type-simple"},"acf":[],"_links":{"self":[{"href":"https:\/\/woods.se\/da\/wp-json\/wp\/v2\/product\/42622","targetHints":{"allow":["GET"]}}],"collection":[{"href":"https:\/\/woods.se\/da\/wp-json\/wp\/v2\/product"}],"about":[{"href":"https:\/\/woods.se\/da\/wp-json\/wp\/v2\/types\/product"}],"wp:featuredmedia":[{"embeddable":true,"href":"https:\/\/woods.se\/da\/wp-json\/wp\/v2\/media\/39950"}],"wp:attachment":[{"href":"https:\/\/woods.se\/da\/wp-json\/wp\/v2\/media?parent=42622"}],"wp:term":[{"taxonomy":"product_brand","embeddable":true,"href":"https:\/\/woods.se\/da\/wp-json\/wp\/v2\/product_brand?post=42622"},{"taxonomy":"product_cat","embeddable":true,"href":"https:\/\/woods.se\/da\/wp-json\/wp\/v2\/product_cat?post=42622"},{"taxonomy":"product_tag","embeddable":true,"href":"https:\/\/woods.se\/da\/wp-json\/wp\/v2\/product_tag?post=42622"}],"curies":[{"name":"wp","href":"https:\/\/api.w.org\/{rel}","templated":true}]}}