{"id":42621,"date":"2024-12-10T15:01:22","date_gmt":"2024-12-10T14:01:22","guid":{"rendered":"https:\/\/stage.woods.se\/?post_type=product&#038;p=42621"},"modified":"2025-09-05T15:04:05","modified_gmt":"2025-09-05T13:04:05","slug":"woods-tall-155","status":"publish","type":"product","link":"https:\/\/woods.se\/da\/produkter\/luftrensere\/til-sovevaerelser\/woods-tall-155\/","title":{"rendered":"Wood&#8217;s TALL 155"},"content":{"rendered":"<h2>Wood&#8217;s TALL 155<\/h2>\n<h3>En diskret og energieffektiv luftrenser<\/h3>\n<p>Pollen, st\u00f8v og andre luftb\u00e5rne partikler kan p\u00e5virke vores helbred og s\u00f8vnkvalitet negativt, og desv\u00e6rre cirkulerer de i vores hjem hver dag. Wood&#8217;s TALL 155 er en st\u00f8jsvag, kompakt og energieffektiv luftrenser udstyret med patenterede Active ION HEPA-filtre, der opn\u00e5r en rensningsgrad p\u00e5 99,98%. Tall 155 er den perfekte luftrenser til pollenallergikere og b\u00f8rnefamilier. F\u00e5 en god nats s\u00f8vn, og giv din krop tid til at restituere ved at placere Tall 155 i dit og dine b\u00f8rns sovev\u00e6relse. TALL 155 er designet til at have det lavest mulige st\u00f8jniveau og et minimalt energiforbrug. Den kan k\u00f8re d\u00f8gnet rundt uden at forstyrre din s\u00f8vn eller p\u00e5virke din elregning.<\/p>\n<h3>Hvorfor har du brug for en luftrenser?<\/h3>\n<p>Indeluften er omkring fem gange mere forurenet end udeluften, og de fleste af os tilbringer omkring 90 % af vores tid indend\u00f8rs. Det betyder, at vi er udsat for store m\u00e6ngder usynlige partikler som pollen, st\u00f8v, skimmelsporer og luftforurening det meste af dagen. Det p\u00e5virker alles velbefindende. D\u00e5rlig luftkvalitet kan give symptomer som hovedpine, koncentrationsbesv\u00e6r, tr\u00e6thed og tilstoppet n\u00e6se. Det er noget, som mange af os lider af dagligt, men kun f\u00e5 af os forbinder det med d\u00e5rlig luftkvalitet.<\/p>\n<h3>Anbefalede anvendelsesomr\u00e5der:<\/h3>\n<p><strong>Lindre pollenallergi og astma med renere luft:<\/strong> Pollen og st\u00f8v kan forv\u00e6rre allergi og astma, is\u00e6r i pollens\u00e6sonen. Tall 155 skaber en partikelfri zone ved effektivt at filtrere allergener fra luften. Ved at placere luftrenseren i dit sovev\u00e6relse eller andre rum, hvor du tilbringer meget tid, f\u00e5r din krop en chance for at restituere. Det kan reducere allergiske symptomer med det samme og endda lindre symptomerne den f\u00f8lgende dag.<br \/>\n<strong>En luftrenser beskytter b\u00f8rns f\u00f8lsomme luftveje: <\/strong>Sm\u00e5 b\u00f8rn har f\u00f8lsomme lunger og et uudviklet immunsystem, hvilket g\u00f8r dem mere s\u00e5rbare over for luftforurening. Tall 155 filtrerer skadelige partikler ud og skaber et renere og mere sikkert indeklima for hele familien. At have en luftrenser i dit barns sovev\u00e6relse vil hj\u00e6lpe dem med at sove bedre og ind\u00e5nde ren, partikelfri luft hele natten.<\/p>\n<h3>S\u00e5dan fungerer Tall 155, effektiv luftrensning fra Wood&#8217;s<\/h3>\n<p>Tall 155 er udstyret med avanceret ioniseringsteknologi og h\u00f8jtydende HEPA-filtre, der effektivt fjerner skadelige partikler som pollen, st\u00f8v og allergener fra luften.<\/p>\n<h4>Ionisering forbedrer filtreringen<\/h4>\n<p>&#8211; Luften suges ind gennem en st\u00f8jsvag og energieffektiv ventilator.<br \/>\nLuftb\u00e5rne partikler f\u00e5r en svag positiv ladning, som f\u00e5r dem til at klumpe sig sammen. De opsamlede partikler kl\u00e6ber derefter til filteret, som er negativt ladet og fungerer som en magnet.<\/p>\n<p><img loading=\"lazy\" decoding=\"async\" class=\"alignnone wp-image-40687 size-medium\" src=\"https:\/\/woods.se\/wp-content\/uploads\/2024\/12\/activeionhepa_400px2-300x300.jpeg\" alt=\"\" width=\"300\" height=\"300\" srcset=\"https:\/\/woods.se\/wp-content\/uploads\/2024\/12\/activeionhepa_400px2-300x300.jpeg 300w, https:\/\/woods.se\/wp-content\/uploads\/2024\/12\/activeionhepa_400px2-150x150.jpeg 150w, https:\/\/woods.se\/wp-content\/uploads\/2024\/12\/activeionhepa_400px2-100x100.jpeg 100w, https:\/\/woods.se\/wp-content\/uploads\/2024\/12\/activeionhepa_400px2.jpeg 400w\" sizes=\"auto, (max-width: 300px) 100vw, 300px\" \/><\/p>\n<h4><strong>Aktivt ION HEPA-filter &#8211; svenskproduceret og patenteret teknologi<\/strong><\/h4>\n<p>&#8211; Takket v\u00e6re den unikke teknologi kan Active ION HEPA-filtre konstrueres mere sparsomt end traditionelle HEPA-filtre, samtidig med at de opretholder det samme h\u00f8je rensningsniveau.<br \/>\n&#8211; Filteret best\u00e5r af flere lag plisserede filtermedier, som skaber en stor filtreringsoverflade og giver overlegen kapacitet.<br \/>\n&#8211; Det smarte design sikrer, at al luft, der passerer gennem luftrenseren, filtreres effektivt, uden at noget af luften forbliver ufiltreret.<\/p>\n<h3>H\u00f8j CADR og energieffektiv luftrensning &#8211; renere luft hurtigere<\/h3>\n<p>Wood&#8217;s TALL 155 er en effektiv og energibesparende luftrenser, der forbedrer indeklimaet i sovev\u00e6relser, b\u00f8rnev\u00e6relser og andre vigtige rum. Med en CADR (Clean Air Delivery Rate) p\u00e5 192 m\u00b3\/t for pollen fjerner den hurtigt og effektivt luftb\u00e5rne partikler som pollen, st\u00f8v og allergener &#8211; en stor fordel for allergikere og familier med sm\u00e5 b\u00f8rn.<\/p>\n<p>Med en CADR\/Watt p\u00e5 8,9 er TALL 155 designet til at give maksimal luftrensning med minimalt energiforbrug. Kombinationen af h\u00f8j filtreringskapacitet og lavt str\u00f8mforbrug g\u00f8r den til et smart valg for alle, der \u00f8nsker et friskere og sundere indeklima.<\/p>\n<p><img loading=\"lazy\" decoding=\"async\" class=\"alignnone wp-image-40746 size-medium\" src=\"https:\/\/woods.se\/wp-content\/uploads\/2024\/12\/intertek-300x120.jpeg\" alt=\"\" width=\"300\" height=\"120\" srcset=\"https:\/\/woods.se\/wp-content\/uploads\/2024\/12\/intertek-300x120.jpeg 300w, https:\/\/woods.se\/wp-content\/uploads\/2024\/12\/intertek-1024x410.jpeg 1024w, https:\/\/woods.se\/wp-content\/uploads\/2024\/12\/intertek-768x307.jpeg 768w, https:\/\/woods.se\/wp-content\/uploads\/2024\/12\/intertek-500x200.jpeg 500w, https:\/\/woods.se\/wp-content\/uploads\/2024\/12\/intertek-1400x560.jpeg 1400w, https:\/\/woods.se\/wp-content\/uploads\/2024\/12\/intertek-700x280.jpeg 700w, https:\/\/woods.se\/wp-content\/uploads\/2024\/12\/intertek-600x240.jpeg 600w, https:\/\/woods.se\/wp-content\/uploads\/2024\/12\/intertek.jpeg 1417w\" sizes=\"auto, (max-width: 300px) 100vw, 300px\" \/><\/p>\n<h3>Beskyt sovev\u00e6relser og b\u00f8rnev\u00e6relser mod luftforurening<\/h3>\n<p>I storbyer er luften ofte forurenet af udst\u00f8dningsgasser, industrielle emissioner og andre skadelige partikler, som kan tr\u00e6nge ind i hjemmet. D\u00e5rlig luftkvalitet kan p\u00e5virke s\u00f8vn og helbred, is\u00e6r for b\u00f8rn og allergikere. For effektivt at filtrere luftforurenende stoffer som r\u00f8g, gasser og u\u00f8nskede lugte kan Wood&#8217;s Chem Control Carbon-filter bruges som ekstraudstyr. Dette h\u00f8jtydende kulfilter absorberer skadelige stoffer og forbedrer luftkvaliteten. Det f\u00e5s til flere af Wood&#8217;s modeller, ELFI 300, AL 310 og GRAN 900.<\/p>\n<h3>Registrer din luftrenser og f\u00e5 udvidet garanti<\/h3>\n<p>Ved at registrere din luftrenser p\u00e5 <a href=\"https:\/\/warranty-woods.com\">warranty-woods.com<\/a> og udskifte filteret hver sjette m\u00e5ned f\u00e5r du markedets l\u00e6ngste garanti p\u00e5 10 \u00e5r. Du vil ogs\u00e5 modtage p\u00e5mindelser, n\u00e5r det er tid til at udskifte filteret, s\u00e5 din luftrenser altid fungerer optimalt.<\/p>\n<h3>Skab et rent og sundt hjemmemilj\u00f8 i dag!<\/h3>\n<p>Wood&#8217;s TALL 155 er det perfekte valg for alle, der \u00f8nsker at reducere allergener og forbedre indeklimaet. Bestil din luftrenser i dag, og nyd renere luft og bedre s\u00f8vn hver dag!<\/p>\n","protected":false},"excerpt":{"rendered":"<p>Pollen, st\u00f8v og andre luftb\u00e5rne partikler kan g\u00f8re det sv\u00e6rt at sove for pollenallergikere og sm\u00e5 b\u00f8rn. Irriterede luftveje, nys og en tilstoppet n\u00e6se kan forstyrre din s\u00f8vn og p\u00e5virke b\u00e5de din restitution og dit velbefindende. Wood&#8217;s TALL 155 er en st\u00f8jsvag og effektiv luftrenser, der filtrerer skadelige partikler fra og skaber et sundt sovemilj\u00f8. Det diskrete, v\u00e6gmonterede design g\u00f8r den perfekt til sovev\u00e6relser og b\u00f8rnev\u00e6relser. Fremstillet i Sverige og leveres med op til 10 \u00e5rs garanti.<\/p>\n","protected":false},"featured_media":40733,"template":"","meta":{"_acf_changed":false},"product_brand":[],"product_cat":[851,4803,4802,3837],"product_tag":[903,3010,3009,865],"class_list":{"0":"post-42621","1":"product","2":"type-product","3":"status-publish","4":"has-post-thumbnail","6":"product_cat-luftrensere","7":"product_cat-til-boernevaerelser","8":"product_cat-til-sovevaerelser","9":"product_cat-villaagarna","10":"product_tag-bornevaerelse","11":"product_tag-luftrensere-til-barnevaerelset","12":"product_tag-luftrensere-til-sovevaerelset","13":"product_tag-sovevaerelse","14":"product_shipping_class-high","15":"splide__slide","17":"first","18":"instock","19":"taxable","20":"shipping-taxable","21":"purchasable","22":"product-type-simple"},"acf":[],"_links":{"self":[{"href":"https:\/\/woods.se\/da\/wp-json\/wp\/v2\/product\/42621","targetHints":{"allow":["GET"]}}],"collection":[{"href":"https:\/\/woods.se\/da\/wp-json\/wp\/v2\/product"}],"about":[{"href":"https:\/\/woods.se\/da\/wp-json\/wp\/v2\/types\/product"}],"wp:featuredmedia":[{"embeddable":true,"href":"https:\/\/woods.se\/da\/wp-json\/wp\/v2\/media\/40733"}],"wp:attachment":[{"href":"https:\/\/woods.se\/da\/wp-json\/wp\/v2\/media?parent=42621"}],"wp:term":[{"taxonomy":"product_brand","embeddable":true,"href":"https:\/\/woods.se\/da\/wp-json\/wp\/v2\/product_brand?post=42621"},{"taxonomy":"product_cat","embeddable":true,"href":"https:\/\/woods.se\/da\/wp-json\/wp\/v2\/product_cat?post=42621"},{"taxonomy":"product_tag","embeddable":true,"href":"https:\/\/woods.se\/da\/wp-json\/wp\/v2\/product_tag?post=42621"}],"curies":[{"name":"wp","href":"https:\/\/api.w.org\/{rel}","templated":true}]}}