{"id":42620,"date":"2024-12-10T15:02:04","date_gmt":"2024-12-10T14:02:04","guid":{"rendered":"https:\/\/stage.woods.se\/?post_type=product&#038;p=42620"},"modified":"2025-09-01T11:39:16","modified_gmt":"2025-09-01T09:39:16","slug":"woods-gran-900","status":"publish","type":"product","link":"https:\/\/woods.se\/da\/produkter\/luftrensere\/til-stuer\/woods-gran-900\/","title":{"rendered":"Wood&#8217;s Gran 900"},"content":{"rendered":"<h2>Wood&#8217;s Gran 900<\/h2>\n<h3>Kraftig luftrenser til kontorer og st\u00f8rre rum<\/h3>\n<p>I store rum som kontorer og \u00e5bne kontorlandskaber kan d\u00e5rlig luftkvalitet f\u00f8re til tr\u00e6thed, hovedpine og nedsat koncentration. St\u00f8v, pollen og andre luftforurenende stoffer cirkulerer og har en negativ indvirkning p\u00e5 b\u00e5de trivsel og arbejdsmilj\u00f8.<br \/>\nWood&#8217;s GRAN 900 er en af de kraftigste luftrensere p\u00e5 markedet, designet til effektivt at rense luften i st\u00f8rre rum. Med en imponerende luftstr\u00f8m p\u00e5 900 m\u00b3\/t og to Active ION HEPA-filtre fanger den 99,98 % af alle skadelige partikler og skaber et renere og sundere arbejdsmilj\u00f8. P\u00e5 trods af dens kraftige ydeevne arbejder den stille med et st\u00f8jniveau p\u00e5 kun 35 dB, hvilket er perfekt til kontorer, hvor b\u00e5de fokus og velv\u00e6re er vigtigt.<\/p>\n<h3>Hvorfor har du brug for en luftrenser?<\/h3>\n<p>Den luft, vi ind\u00e5nder indend\u00f8rs, b\u00e5de i hjemmet og p\u00e5 kontoret, er ofte betydeligt mere forurenet end luften udenfor. Partikler som pollen, udst\u00f8dningsgasser og st\u00f8v f\u00f8lger os indend\u00f8rs og forts\u00e6tter med at cirkulere i den luft, vi ind\u00e5nder. Da vi tilbringer omkring 90 % af vores tid indend\u00f8rs, p\u00e5virkes vores helbred og velbefindende direkte af luftkvaliteten. Uanset om det er p\u00e5 arbejdspladsen eller i hjemmet, kan en luftrenser g\u00f8re en stor forskel ved at skabe renere og sundere indend\u00f8rsluft for alle.<\/p>\n<h3>Anbefalede anvendelsesomr\u00e5der:<\/h3>\n<p><strong>Den perfekte luftrenser til kontorer og arbejdspladser:<\/strong> D\u00e5rlig luftkvalitet p\u00e5 arbejdspladsen kan reducere produktiviteten med op til 15 % og \u00f8ge sygefrav\u00e6ret. GRAN 900 hj\u00e6lper med at rense luften for vira, st\u00f8v og forurenende stoffer, s\u00e5 du og dine medarbejdere kan arbejde i et friskere og sundere milj\u00f8.<br \/>\n<strong>Luftrensere lindrer allergi og astma:<\/strong> Wood&#8217;s GRAN 900 er den mest kraftfulde luftrenser p\u00e5 markedet, perfekt til at rense luften i st\u00f8rre rum. Indend\u00f8rsluften er ofte v\u00e6rre end udeluften, hvilket kan forv\u00e6rre allergier og astma. GRAN 900 renser effektivt luften ved at opfange allergener som pollen, st\u00f8v og andre partikler, hvilket skaber et friskere og sundere milj\u00f8. Ved at placere en luftrenser p\u00e5 steder, hvor vi tilbringer meget tid, f\u00e5r kroppen mulighed for at restituere. Det kan reducere allergiske symptomer b\u00e5de med det samme og p\u00e5 l\u00e6ngere sigt og bidrage til \u00f8get velv\u00e6re.<\/p>\n<h3>Hvordan virker en Wood&#8217;s luftrenser?<\/h3>\n<p>Wood&#8217;s Gran 900 er udstyret med to Active ION HEPA-filtre og har en rensningsgrad p\u00e5 99,98 %. Woods patenterede og svenskproducerede Active ION HEPA-filtre er designet til effektivt at opfange mikroskopiske partikler som st\u00f8v, pollen og allergener. Filteret er mindre t\u00e6t end traditionelle HEPA-filtre, hvilket giver mulighed for mere st\u00f8jsvag drift og mere effektiv rensning uden at g\u00e5 p\u00e5 kompromis med rensningseffektiviteten.<\/p>\n<h4><strong>Ionisering g\u00f8r det lettere at indfange partikler<\/strong><\/h4>\n<p>&#8211; Luften suges ind gennem en st\u00f8jsvag og energieffektiv ventilator.<br \/>\n&#8211; Luftpartiklerne f\u00e5r en svag positiv ladning, som f\u00e5r dem til at klumpe sig sammen og blive trukket til filteret som en magnet, da det er negativt ladet.<\/p>\n<p><img loading=\"lazy\" decoding=\"async\" class=\"alignnone wp-image-40687 size-medium\" src=\"https:\/\/woods.se\/wp-content\/uploads\/2024\/12\/activeionhepa_400px2-300x300.jpeg\" alt=\"\" width=\"300\" height=\"300\" srcset=\"https:\/\/woods.se\/wp-content\/uploads\/2024\/12\/activeionhepa_400px2-300x300.jpeg 300w, https:\/\/woods.se\/wp-content\/uploads\/2024\/12\/activeionhepa_400px2-150x150.jpeg 150w, https:\/\/woods.se\/wp-content\/uploads\/2024\/12\/activeionhepa_400px2-100x100.jpeg 100w, https:\/\/woods.se\/wp-content\/uploads\/2024\/12\/activeionhepa_400px2.jpeg 400w\" sizes=\"auto, (max-width: 300px) 100vw, 300px\" \/><\/p>\n<h4><strong>Patenteret og svenskproduceret Active ION HEPA-filter<\/strong><\/h4>\n<p>&#8211; Takket v\u00e6re den patenterede teknologi kan Active ION HEPA-filtre v\u00e6re mindre t\u00e6tte end traditionelle HEPA-filtre og stadig opn\u00e5 samme h\u00f8je rensningsniveau.<br \/>\n&#8211; Filteret er opbygget af mange lag plisserede filtermedier. Det giver et meget stort samlet filterareal og en enest\u00e5ende filtreringskapacitet.<br \/>\nDenne teknologi sikrer, at al luft renses, uden at der er risiko for, at ufiltreret luft slipper igennem.<\/p>\n<h3>Wood&#8217;s Gran 900 har ekstremt energieffektiv rensning<\/h3>\n<p>Wood&#8217;s GRAN 900 har en imponerende CADR p\u00e5 588 m\u00b3\/t, hvilket g\u00f8r den til en af de kraftigste luftrensere p\u00e5 markedet. Med denne kapacitet renser den hurtigt og effektivt luften i store rum, hvilket g\u00f8r den ideel til kontorer og \u00e5bne milj\u00f8er. P\u00e5 trods af den h\u00f8je ydeevne er den energieffektiv med en CADR\/Watt p\u00e5 7,9, hvilket betyder, at du f\u00e5r maksimal rensning uden un\u00f8digt str\u00f8mforbrug.<\/p>\n<p><img loading=\"lazy\" decoding=\"async\" class=\"alignnone wp-image-40673 size-medium\" src=\"https:\/\/woods.se\/wp-content\/uploads\/2024\/12\/aham-intertek-300x120.jpeg\" alt=\"\" width=\"300\" height=\"120\" srcset=\"https:\/\/woods.se\/wp-content\/uploads\/2024\/12\/aham-intertek-300x120.jpeg 300w, https:\/\/woods.se\/wp-content\/uploads\/2024\/12\/aham-intertek-1024x410.jpeg 1024w, https:\/\/woods.se\/wp-content\/uploads\/2024\/12\/aham-intertek-768x307.jpeg 768w, https:\/\/woods.se\/wp-content\/uploads\/2024\/12\/aham-intertek-500x200.jpeg 500w, https:\/\/woods.se\/wp-content\/uploads\/2024\/12\/aham-intertek-1400x560.jpeg 1400w, https:\/\/woods.se\/wp-content\/uploads\/2024\/12\/aham-intertek-700x280.jpeg 700w, https:\/\/woods.se\/wp-content\/uploads\/2024\/12\/aham-intertek-600x240.jpeg 600w, https:\/\/woods.se\/wp-content\/uploads\/2024\/12\/aham-intertek.jpeg 1417w\" sizes=\"auto, (max-width: 300px) 100vw, 300px\" \/><\/p>\n<h3>D\u00e5rlig luftkvalitet i kontorer og store rum &#8211; gasser og lugte p\u00e5virker helbredet<\/h3>\n<p>P\u00e5 kontorer og i store rum kan luftkvaliteten blive forringet af udst\u00f8dningsgasser, kemikalier og ubehagelige lugte fra f.eks. madlavning, reng\u00f8ringsprodukter og elektronik. Disse partikler kan for\u00e5rsage irritation af luftvejene, hovedpine og nedsat koncentration.<br \/>\nFor effektivt at fjerne skadelige gasser og u\u00f8nskede lugte kan Wood&#8217;s GRAN 900 udstyres med et Wood&#8217;s Chem Control kulfilter. Dette kulfilter af h\u00f8j kvalitet neutraliserer r\u00f8g, kemiske dampe og andre luftb\u00e5rne forurenende stoffer, hvilket g\u00f8r arbejdsmilj\u00f8et sundere og mere behageligt. Filteret er et till\u00e6gsprodukt og k\u00f8bes separat for at tilpasse luftrenseren til dine specifikke behov.<\/p>\n<h3>Energieffektiv og st\u00f8jsvag &#8211; bruger mindre str\u00f8m end en p\u00e6re<\/h3>\n<p>P\u00e5 trods af sin ekstreme kapacitet er Wood&#8217;s GRAN 900 en energieffektiv luftrenser. Den kan k\u00f8re d\u00f8gnet rundt uden at p\u00e5virke din elregning v\u00e6sentligt. P\u00e5 et helt \u00e5r bruger den mellem 24 og 80 W, hvilket kan sammenlignes med en LED-lampe. Desuden er st\u00f8jniveauet kun 35 dB, hvilket g\u00f8r den diskret og behagelig at have i rummet.<\/p>\n<h3>En investering i sundhed og milj\u00f8<\/h3>\n<p>Wood&#8217;s GRAN 900 er udviklet og produceret i Sverige med fokus p\u00e5 h\u00f8jeste kvalitet og lang levetid. Ved at registrere dit produkt p\u00e5 <a href=\"https:\/\/warranty-woods.com\">warranty-woods.com<\/a> og udskifte filteret regelm\u00e6ssigt f\u00e5r du markedets l\u00e6ngste garanti p\u00e5 10 \u00e5r.<\/p>\n<h3>Invester i ren luft i dag!<\/h3>\n<p>Med Wood&#8217;s GRAN 900 f\u00e5r du en af de mest kraftfulde og energieffektive luftrensere p\u00e5 markedet. Perfekt til kontorer, arbejdspladser og st\u00f8rre rum, hvor du vil have renere luft og et sundere milj\u00f8.<\/p>\n<p><iframe loading=\"lazy\" title=\"Instruction video - Wood&#039;s GRAN900 (English)\" width=\"500\" height=\"281\" src=\"https:\/\/www.youtube.com\/embed\/kqAIkvdzskY?feature=oembed\" frameborder=\"0\" allow=\"accelerometer; autoplay; clipboard-write; encrypted-media; gyroscope; picture-in-picture; web-share\" referrerpolicy=\"strict-origin-when-cross-origin\" allowfullscreen><\/iframe><\/p>\n","protected":false},"excerpt":{"rendered":"<p>St\u00f8v, pollen og andre skadelige partikler ophobes indend\u00f8rs, og d\u00e5rlig luftkvalitet kan f\u00f8re til helbredsproblemer som allergi, tr\u00e6thed og nedsat koncentration.<br \/>\nWood&#8217;s GRAN 900 er en af de kraftigste luftrensere p\u00e5 markedet og er designet til at skabe et sundt indeklima i store rum. Med en luftstr\u00f8m p\u00e5 900 m\u00b3\/t og to Active ION HEPA-filtre har den en rensningseffektivitet p\u00e5 99,98 %. Den har et lavt energiforbrug, er st\u00f8jsvag og fremstilles i Sverige med op til 10 \u00e5rs garanti.<\/p>\n","protected":false},"featured_media":39887,"template":"","meta":{"_acf_changed":false},"product_brand":[],"product_cat":[851,4805,4804,3837],"product_tag":[914,3012,3011,913,1444],"class_list":{"0":"post-42620","1":"product","2":"type-product","3":"status-publish","4":"has-post-thumbnail","6":"product_cat-luftrensere","7":"product_cat-til-kontorer","8":"product_cat-til-stuer","9":"product_cat-villaagarna","10":"product_tag-kontor-da","11":"product_tag-luftrensere-til-kontorer","12":"product_tag-luftrensere-til-stuer","13":"product_tag-stue-da","14":"product_tag-stue-da-2","15":"product_shipping_class-sweden-high","16":"splide__slide","18":"first","19":"instock","20":"taxable","21":"shipping-taxable","22":"purchasable","23":"product-type-simple"},"acf":[],"_links":{"self":[{"href":"https:\/\/woods.se\/da\/wp-json\/wp\/v2\/product\/42620","targetHints":{"allow":["GET"]}}],"collection":[{"href":"https:\/\/woods.se\/da\/wp-json\/wp\/v2\/product"}],"about":[{"href":"https:\/\/woods.se\/da\/wp-json\/wp\/v2\/types\/product"}],"wp:featuredmedia":[{"embeddable":true,"href":"https:\/\/woods.se\/da\/wp-json\/wp\/v2\/media\/39887"}],"wp:attachment":[{"href":"https:\/\/woods.se\/da\/wp-json\/wp\/v2\/media?parent=42620"}],"wp:term":[{"taxonomy":"product_brand","embeddable":true,"href":"https:\/\/woods.se\/da\/wp-json\/wp\/v2\/product_brand?post=42620"},{"taxonomy":"product_cat","embeddable":true,"href":"https:\/\/woods.se\/da\/wp-json\/wp\/v2\/product_cat?post=42620"},{"taxonomy":"product_tag","embeddable":true,"href":"https:\/\/woods.se\/da\/wp-json\/wp\/v2\/product_tag?post=42620"}],"curies":[{"name":"wp","href":"https:\/\/api.w.org\/{rel}","templated":true}]}}