{"id":41829,"date":"2025-04-16T10:42:24","date_gmt":"2025-04-16T08:42:24","guid":{"rendered":"https:\/\/stage.woods.se\/?post_type=product&#038;p=41829"},"modified":"2026-03-04T11:27:47","modified_gmt":"2026-03-04T10:27:47","slug":"woods-sw42fx","status":"publish","type":"product","link":"https:\/\/woods.se\/da\/produkter\/affugtere\/kaelder\/woods-sw42fx\/","title":{"rendered":"Wood&#8217;s SW42FX"},"content":{"rendered":"<h2>Wood&#8217;s SW42FX (metallisk)<\/h2>\n<h3>Effektiv affugter til k\u00e6ldre og garager<\/h3>\n<p>Wood&#8217;s SW42FX er en kraftig affugter, der er perfekt til at holde store, fugtige rum t\u00f8rre og behagelige. Med sin imponerende kapacitet til at fjerne op til 25 liter fugt om dagen og en effektiv luftstr\u00f8m p\u00e5 315 m\u00b3\/t er SW42FX en p\u00e5lidelig l\u00f8sning til k\u00e6ldre og garager. Dens robuste konstruktion og innovative funktioner g\u00f8r den ideel til at bek\u00e6mpe fugt, skimmelsvamp og ubehagelige lugte, selv ved lave temperaturer.  <\/p>\n<h3>Anbefalede anvendelsesomr\u00e5der<\/h3>\n<p><strong>K\u00e6ldre:<\/strong> Holder hele k\u00e6lderen t\u00f8r og fri for skimmelsvamp, perfekt til opbevaring eller som ekstra boligareal.<br \/>\n<strong>Garager:<\/strong> Beskytter k\u00f8ret\u00f8jer og v\u00e6rkt\u00f8j ved effektivt at holde fugt v\u00e6k hele \u00e5ret rundt.<br \/>\n<strong>Andre kolde rum:<\/strong> Med stabil fugtighedsregulering ned til +2 \u00b0C er den ideel til store opbevaringsrum eller loftsrum, hvor der opbevares f\u00f8lsomme genstande.<\/p>\n<h3>Vigtige funktioner:<\/h3>\n\n<h3>H\u00f8j kapacitet og luftstr\u00f8m for effektiv cirkulation<\/h3>\n<p>Med sin h\u00f8je affugtningskapacitet p\u00e5 25 liter pr. dag kan SW42FX nemt h\u00e5ndtere store og opdelte rum. Den h\u00f8je luftgennemstr\u00f8mning p\u00e5 315 m\u00b3\/t sikrer, at alle hj\u00f8rner n\u00e5s og holdes t\u00f8rre, hvilket reducerer risikoen for fugtrelaterede skader og ubehagelige lugte. <\/p>\n<h3>Let at bruge og vedligeholde<\/h3>\n<p>SW42FX er udstyret med en 11,4-liters vandtank, som er nem at t\u00f8mme. For endnu st\u00f8rre bekvemmelighed kan du tilslutte en slangetilslutning til kontinuerlig dr\u00e6ning eller placere affugteren direkte over et gulvafl\u00f8b. Desuden starter enheden automatisk efter en str\u00f8mafbrydelse, s\u00e5 fugtighedsreguleringen aldrig afbrydes og vender tilbage til de tidligere indstillinger. SW42FX overv\u00e5ger luftfugtigheden i rummet og starter og stopper automatisk, n\u00e5r det er n\u00f8dvendigt.   <\/p>\n<h3>Smart skimmel- og partikelfilter<\/h3>\n<p>SW42FX er udstyret med et Woods SMF-filter, der effektivt opfanger st\u00f8v- og skimmelpartikler i luften, beskytter affugteren og forl\u00e6nger dens levetid. Det g\u00f8r den til en sikker og langsigtet l\u00f8sning, som holder dine rum fri for fugt, skimmelsvamp og lugt \u00e5ret rundt. <\/p>\n<h3>Effektiv hele \u00e5ret rundt, selv ved lave temperaturer<\/h3>\n<p>Takket v\u00e6re i-EcoDefrost-systemet fungerer SW42FX effektivt ned til +2 \u00b0C, hvilket g\u00f8r den ideel til brug i selv koldere milj\u00f8er. Den er ogs\u00e5 designet til kontinuerlig brug, s\u00e5 den kan arbejde sikkert d\u00f8gnet rundt og holde dine rum fri for fugt og skimmel uanset \u00e5rstid. <\/p>\n<h3>Bygget til at holde l\u00e6nge<\/h3>\n<p>SW42FX er fremstillet i Sverige med komponenter af h\u00f8j kvalitet og et holdbart metalhus og er bygget til at modst\u00e5 belastningerne i kr\u00e6vende milj\u00f8er og er designet til at k\u00f8re hele \u00e5ret rundt, uanset klimaet. Den er b\u00e5de energieffektiv og robust, hvilket g\u00f8r den til et langsigtet og p\u00e5lideligt valg til bek\u00e6mpelse af fugtproblemer i hjemmet. <\/p>\n<h3>Lang garanti p\u00e5 op til 6 \u00e5r<\/h3>\n<p>N\u00e5r du registrerer din SW42FX p\u00e5 warranty.woods.se og udskifter filteret hvert \u00e5r, f\u00e5r du en af de l\u00e6ngste garantier p\u00e5 markedet, op til 6 \u00e5r. Ved at holde styr p\u00e5 filterudskiftningerne forl\u00e6nger du affugterens levetid og holder dens ydeevne p\u00e5 sit h\u00f8jeste. Glem ikke at gemme din kvittering, n\u00e5r du k\u00f8ber filtre.  <\/p>\n<p>Med Wood&#8217;s SW42FX f\u00e5r du en kraftfuld, energieffektiv og p\u00e5lidelig l\u00f8sning p\u00e5 dine fugtproblemer, hele \u00e5ret rundt!<\/p>\n<p><iframe loading=\"lazy\" title=\"Instruction video - Wood&#039;s SW42FX Silent (English)\" width=\"500\" height=\"281\" src=\"https:\/\/www.youtube.com\/embed\/AY8BHKjnzvY?feature=oembed\" frameborder=\"0\" allow=\"accelerometer; autoplay; clipboard-write; encrypted-media; gyroscope; picture-in-picture; web-share\" referrerpolicy=\"strict-origin-when-cross-origin\" allowfullscreen><\/iframe><\/p>\n","protected":false},"excerpt":{"rendered":"<p>Wood&#8217;s SW42FX er en kraftig affugter, der effektivt h\u00e5ndterer fugt, skimmel og ubehagelige lugte i kolde rum som k\u00e6ldre og garager. Den fjerner op til 25 liter fugt om dagen og har en h\u00f8j luftgennemstr\u00f8mning, der sikrer, at alle dele af rummet holdes t\u00f8rre. SW42FX er en p\u00e5lidelig og langsigtet l\u00f8sning til at holde store rum fri for fugt \u00e5ret rundt, og den er ogs\u00e5 effektiv ved lave temperaturer. Fremstillet i Sverige og med op til 6 \u00e5rs garanti.   <\/p>\n<p>&nbsp;<\/p>\n","protected":false},"featured_media":39696,"template":"","meta":{"_acf_changed":false},"product_brand":[],"product_cat":[852,4741],"product_tag":[911,864,863],"class_list":{"0":"post-41829","1":"product","2":"type-product","3":"status-publish","4":"has-post-thumbnail","6":"product_cat-affugtere","7":"product_cat-kaelder","8":"product_tag-garage-da","9":"product_tag-kaelder","10":"product_tag-loftsrum","11":"product_shipping_class-very-high","12":"splide__slide","14":"first","15":"instock","16":"taxable","17":"shipping-taxable","18":"purchasable","19":"product-type-simple"},"acf":[],"_links":{"self":[{"href":"https:\/\/woods.se\/da\/wp-json\/wp\/v2\/product\/41829","targetHints":{"allow":["GET"]}}],"collection":[{"href":"https:\/\/woods.se\/da\/wp-json\/wp\/v2\/product"}],"about":[{"href":"https:\/\/woods.se\/da\/wp-json\/wp\/v2\/types\/product"}],"wp:featuredmedia":[{"embeddable":true,"href":"https:\/\/woods.se\/da\/wp-json\/wp\/v2\/media\/39696"}],"wp:attachment":[{"href":"https:\/\/woods.se\/da\/wp-json\/wp\/v2\/media?parent=41829"}],"wp:term":[{"taxonomy":"product_brand","embeddable":true,"href":"https:\/\/woods.se\/da\/wp-json\/wp\/v2\/product_brand?post=41829"},{"taxonomy":"product_cat","embeddable":true,"href":"https:\/\/woods.se\/da\/wp-json\/wp\/v2\/product_cat?post=41829"},{"taxonomy":"product_tag","embeddable":true,"href":"https:\/\/woods.se\/da\/wp-json\/wp\/v2\/product_tag?post=41829"}],"curies":[{"name":"wp","href":"https:\/\/api.w.org\/{rel}","templated":true}]}}