{"id":41828,"date":"2024-10-16T12:06:55","date_gmt":"2024-10-16T10:06:55","guid":{"rendered":"https:\/\/stage.woods.se\/?post_type=product&#038;p=41828"},"modified":"2026-03-09T10:34:42","modified_gmt":"2026-03-09T09:34:42","slug":"woods-sw22fw","status":"publish","type":"product","link":"https:\/\/woods.se\/da\/produkter\/affugtere\/kaelder\/woods-sw22fw\/","title":{"rendered":"Wood&#8217;s SW22FW"},"content":{"rendered":"<h2>Wood&#8217;s SW22FW (hvid)<\/h2>\n<h3>P\u00e5lidelig affugter til kolde rum<\/h3>\n<p>Fugt, skimmelsvamp og d\u00e5rlig lugt er almindeligt i k\u00e6ldre og andre kolde rum, og det kan for\u00e5rsage dyre skader, hvis der ikke g\u00f8res noget ved det i tide. Wood&#8217;s SW22FW er specielt designet til at skabe et t\u00f8rt og behageligt milj\u00f8 i kolde rum og forhindre skimmelsvamp og lugt i at f\u00e5 fodf\u00e6ste. Med en h\u00f8j affugtningskapacitet (13,5 l) og en kraftig luftstr\u00f8m n\u00e5r den ud i alle hj\u00f8rner af rummet, selv i rum med flere dele. Affugteren fjerner fugt og u\u00f8nskede lugte, hvilket g\u00f8r det muligt at opbevare tekstiler og andre f\u00f8lsomme ejendele i rummet.   <\/p>\n<h3>Anbefalede anvendelsesomr\u00e5der<\/h3>\n<p><strong>K\u00e6lderen: <\/strong>H\u00f8j luftcirkulation og effektiv affugtning holder k\u00e6lderen t\u00f8r og fri for skimmelsvamp. Det giver dig mulighed for at bruge k\u00e6lderen som et almindeligt rum eller til opbevaring.<br \/>\n<strong>Garage:<\/strong> Holder fugt ude og beskytter k\u00f8ret\u00f8jer, v\u00e6rkt\u00f8j og andet udstyr hele \u00e5ret rundt.<br \/>\n<strong>Andre kolde rum:<\/strong> P\u00e5lidelig fugtkontrol ned til +2 \u00b0C, hvilket g\u00f8r den ideel til loftsrum, opbevaringsrum og vinteropbevaring af f.eks. puder og tekstiler.<\/p>\n<h3>Vigtige funktioner:<\/h3>\n\n<h3>H\u00f8j kapacitet og luftstr\u00f8m for effektiv cirkulation<\/h3>\n<p>SW22FW har de funktioner, der skal til for at fjerne fugt fra kolde og udsatte rum som k\u00e6ldre, garager og lofter. Med en h\u00f8j affugtningskapacitet p\u00e5 op til 13,5 liter pr. dag og en kraftig luftstr\u00f8m p\u00e5 350 m\u00b3\/time sikrer SW22FW, at hvert hj\u00f8rne af rummet n\u00e5s, selv n\u00e5r det er opdelt i flere rum. <\/p>\n<h3>Nem betjening og funktion, der kan tilpasses<\/h3>\n<p>Med to bl\u00e6sertilstande og en rummelig vandtank p\u00e5 11,4 liter er SW22FW meget nem at h\u00e5ndtere. For minimal vedligeholdelse er det nemt at tilslutte en slange, der kan f\u00f8res direkte til et gulvafl\u00f8b. Det smarte design g\u00f8r det ogs\u00e5 muligt at placere affugteren direkte over et gulvafl\u00f8b. Den er ogs\u00e5 udstyret med auto-start, som g\u00f8r, at den automatisk vender tilbage til sin sidste indstilling efter en str\u00f8mafbrydelse, s\u00e5 du altid kan v\u00e6re sikker p\u00e5, at den har styr p\u00e5 fugtighedsniveauet, s\u00e5 snart str\u00f8mmen er tilbage. SW22FW overv\u00e5ger fugtighedsniveauet i rummet og t\u00e6nder eller slukker automatisk efter behov.    <\/p>\n<h3>Smart skimmel- og partikelfilter<\/h3>\n<p>SW22FW er udstyret med Wood&#8217;s SMF-filter, som effektivt fanger st\u00f8v- og skimmelpartikler i luften, beskytter affugteren og forl\u00e6nger dens levetid. Den holder dine rum fri for fugt, skimmelsvamp og lugt hele \u00e5ret, hvilket g\u00f8r den til en sikker og langsigtet l\u00f8sning. <\/p>\n<h3>Effektiv hele \u00e5ret rundt, selv ved lave temperaturer<\/h3>\n<p>Takket v\u00e6re den innovative i-EcoDefrost-teknologi kan SW22FW affugte selv ved temperaturer helt ned til +2 \u00b0C. Den er bygget til at k\u00f8re kontinuerligt, s\u00e5 den kan fungere sikkert d\u00f8gnet rundt uden afbrydelser. Det g\u00f8r den ideel til brug \u00e5ret rundt, uanset vejr og \u00e5rstid. Den holder dine rum fri for fugt, skimmelsvamp og ubehagelige lugte hele \u00e5ret, hvilket g\u00f8r den til en sikker og langsigtet l\u00f8sning for dit hjem.   <\/p>\n<h3>Bygget til at holde l\u00e6nge<\/h3>\n<p>SW22FW er fremstillet i Sverige med et robust kabinet i rustfrit st\u00e5l og er bygget til at fjerne fugt d\u00f8gnet rundt og holde i mange \u00e5r. Den er designet til p\u00e5lidelig fugtkontrol i k\u00e6ldre, garager og p\u00e5 lofter og hj\u00e6lper med at bevare dine ejendele og forl\u00e6nge dit hjems levetid. <\/p>\n<h3>Lang garanti og holdbar brug<\/h3>\n<p>Ved at registrere SW22FW p\u00e5 <a href=\"https:\/\/warranty-woods.com\/\">warranty-woods.com og skifte filter hvert \u00e5r f\u00e5r du en af de l\u00e6ngste garantier<\/a> p\u00e5 markedet, hele 6 \u00e5r. Ved at registrere dig modtager du ogs\u00e5 p\u00e5mindelser om filterskift, hvilket ikke kun forl\u00e6nger affugterens levetid, men ogs\u00e5 sikrer, at den altid fungerer med maksimal effektivitet. Glem ikke at gemme kvitteringen, n\u00e5r du k\u00f8ber dine filtre.  <\/p>\n<p>Med Wood&#8217;s SW22FW f\u00e5r du en p\u00e5lidelig, holdbar og energieffektiv l\u00f8sning til at l\u00f8se alle dine fugtproblemer i k\u00e6ldre, garager og andre kolde rum.<\/p>\n<p><iframe loading=\"lazy\" title=\"Instruction video - Wood&#039;s SW22FW (English)\" width=\"500\" height=\"281\" src=\"https:\/\/www.youtube.com\/embed\/_KdcRGcFEwg?feature=oembed\" frameborder=\"0\" allow=\"accelerometer; autoplay; clipboard-write; encrypted-media; gyroscope; picture-in-picture; web-share\" referrerpolicy=\"strict-origin-when-cross-origin\" allowfullscreen><\/iframe><\/p>\n","protected":false},"excerpt":{"rendered":"<p>Slip af med fugt, d\u00e5rlig lugt og skimmelsvamp med Wood&#8217;s SW22FW affugter. Den affugter op til 13,5 liter vand om dagen og skaber hurtigt et t\u00f8rt og behageligt milj\u00f8, selv ved lavere temperaturer. Den kraftige luftstr\u00f8m cirkulerer og affugter luften, selv om rummet er opdelt i flere rum, og med det effektive filter og slangetilslutningen minimeres vedligeholdelsen. Perfekt til mindre k\u00e6ldre, garager og andre fugtige omr\u00e5der. Fremstillet i Sverige med op til 6 \u00e5rs garanti.    <\/p>\n<p>&nbsp;<\/p>\n","protected":false},"featured_media":37423,"template":"","meta":{"_acf_changed":false},"product_brand":[],"product_cat":[852,4741,3837],"product_tag":[911,864,863],"class_list":{"0":"post-41828","1":"product","2":"type-product","3":"status-publish","4":"has-post-thumbnail","6":"product_cat-affugtere","7":"product_cat-kaelder","8":"product_cat-villaagarna","9":"product_tag-garage-da","10":"product_tag-kaelder","11":"product_tag-loftsrum","12":"splide__slide","14":"first","15":"instock","16":"taxable","17":"shipping-taxable","18":"purchasable","19":"product-type-simple"},"acf":[],"_links":{"self":[{"href":"https:\/\/woods.se\/da\/wp-json\/wp\/v2\/product\/41828","targetHints":{"allow":["GET"]}}],"collection":[{"href":"https:\/\/woods.se\/da\/wp-json\/wp\/v2\/product"}],"about":[{"href":"https:\/\/woods.se\/da\/wp-json\/wp\/v2\/types\/product"}],"wp:featuredmedia":[{"embeddable":true,"href":"https:\/\/woods.se\/da\/wp-json\/wp\/v2\/media\/37423"}],"wp:attachment":[{"href":"https:\/\/woods.se\/da\/wp-json\/wp\/v2\/media?parent=41828"}],"wp:term":[{"taxonomy":"product_brand","embeddable":true,"href":"https:\/\/woods.se\/da\/wp-json\/wp\/v2\/product_brand?post=41828"},{"taxonomy":"product_cat","embeddable":true,"href":"https:\/\/woods.se\/da\/wp-json\/wp\/v2\/product_cat?post=41828"},{"taxonomy":"product_tag","embeddable":true,"href":"https:\/\/woods.se\/da\/wp-json\/wp\/v2\/product_tag?post=41828"}],"curies":[{"name":"wp","href":"https:\/\/api.w.org\/{rel}","templated":true}]}}