{"id":41822,"date":"2024-12-10T14:10:42","date_gmt":"2024-12-10T13:10:42","guid":{"rendered":"https:\/\/stage.woods.se\/?post_type=product&#038;p=41822"},"modified":"2026-03-05T13:31:38","modified_gmt":"2026-03-05T12:31:38","slug":"woods-sw59fm","status":"publish","type":"product","link":"https:\/\/woods.se\/da\/produkter\/affugtere\/kaelder\/woods-sw59fm\/","title":{"rendered":"Wood&#8217;s SW59FM"},"content":{"rendered":"<h2>Wood&#8217;s SW59FM (metallisk)<\/h2>\n<h3>Affugter til den store k\u00e6lder og saneringsopgaver<\/h3>\n<p>Wood&#8217;s SW59FM er den ultimative l\u00f8sning til hurtigt at fjerne fugt, skimmel og d\u00e5rlig lugt i store, kolde rum som k\u00e6ldre og garager. Med en imponerende kapacitet p\u00e5 op til 41 liter fugt pr. dag og en luftstr\u00f8m p\u00e5 300 m\u00b3\/t er SW59FM den mest kraftfulde og energieffektive affugter i SW-serien, da dens kapacitet betyder, at den skal arbejde mindre for at l\u00f8se det samme problem. Den h\u00f8je kapacitet g\u00f8r den ogs\u00e5 ideel til at h\u00e5ndtere problemer efter vandl\u00e6kager og oversv\u00f8mmelser.  <\/p>\n<h3>Anbefalede anvendelsesomr\u00e5der:<\/h3>\n<p><strong>K\u00e6lder:<\/strong> SW59FM sikrer et t\u00f8rt og sikkert milj\u00f8, fri for fugt og skimmel, og g\u00f8r det muligt at bruge pladsen til b\u00e5de opbevaring og opholdsrum.<br \/>\n<strong>Garager og andre kolde rum:<\/strong> Den beskytter k\u00f8ret\u00f8jer og v\u00e6rkt\u00f8j og holder dem fri for fugt og korrosion hele \u00e5ret rundt, selv om vinteren.<br \/>\n<strong>Restaurering af vandskader:<\/strong> Ideel til hurtig genopretning af oversv\u00f8mmede rum. Den h\u00f8je kapacitet g\u00f8r den ideel til professionel brug. <\/p>\n<h3>Vigtige funktioner:<\/h3>\n\n<h3>H\u00f8j kapacitet og luftstr\u00f8m for effektiv cirkulation<\/h3>\n<p>Med sin meget h\u00f8je affugtningskapacitet p\u00e5 op til 41 liter pr. dag og en kraftig luftstr\u00f8m p\u00e5 op til 300 m3 pr. time tager SW59FM sig effektivt af fugten i alle dele af store og opdelte rum. Det sikrer en j\u00e6vn affugtning og forebygger fugtrelaterede skader og d\u00e5rlig lugt. <\/p>\n<h3>Nem betjening og brugertilpasset funktion<\/h3>\n<p>SW59FM er designet med tanke p\u00e5 brugervenlighed. Den rummelige vandtank p\u00e5 11,4 liter reducerer behovet for hyppig t\u00f8mning, og maskinen slukker automatisk, n\u00e5r tanken er fuld. For kontinuerlig drift kan du nemt tilslutte en haveslange (slange medf\u00f8lger ikke) direkte til afl\u00f8bet, hvilket minimerer vedligeholdelsen. Du kan ogs\u00e5 v\u00e6lge at placere affugteren direkte over et gulvafl\u00f8b. For at give ekstra ro i sindet t\u00e6nder SW59FM automatisk efter en str\u00f8mafbrydelse, og enheden vender tilbage til sine sidste indstillinger for at sikre, at fugtighedsreguleringen ikke stopper for l\u00e6nge. SW59FM tilpasser sig automatisk til det \u00f8nskede fugtighedsniveau og t\u00e6nder eller slukker efter behov.     <\/p>\n<h3>Smart skimmel- og partikelfilter<\/h3>\n<p>SW59FM er udstyret med Woods SMF-filter, der effektivt fanger st\u00f8v- og skimmelpartikler i luften og holder dine rum fri for fugt, skimmel og lugt hele \u00e5ret rundt. Desuden beskytter filteret affugteren og f\u00e5r den til at holde l\u00e6ngere. <\/p>\n<h3>Effektiv hele \u00e5ret rundt, selv ved lave temperaturer<\/h3>\n<p>Takket v\u00e6re det innovative i-EcoDefrost-system er SW59FM yderst effektiv selv ved lave temperaturer, helt ned til +2 \u00b0C og helt op til +35 \u00b0C. Det g\u00f8r den ideel til rum, der kr\u00e6ver fugtkontrol \u00e5ret rundt, uanset vejrforholdene. <\/p>\n<h3>Bygget til at holde l\u00e6nge<\/h3>\n<p>SW59FM er fremstillet i Sverige og bygget til at modst\u00e5 barske forhold. Det robuste metalkabinet og komponenter af h\u00f8j kvalitet sikrer langvarig ydelse, selv under kr\u00e6vende forhold. SW59FM er designet til at modst\u00e5 kontinuerlig drift, hvilket betyder, at den kan k\u00f8re sikkert uden afbrydelser, dag og nat.  <\/p>\n<h3>Lang garanti og nem, b\u00e6redygtig brug<\/h3>\n<p>Registrer din affugter p\u00e5 <a href=\"https:\/\/warranty-woods.com\">warranty.woods.se<\/a>, og skift filter en gang om \u00e5ret for at f\u00e5 en udvidet garanti p\u00e5 op til 6 \u00e5r. Du f\u00e5r ogs\u00e5 p\u00e5mindelser, n\u00e5r det er tid til at skifte filter, s\u00e5 du er sikker p\u00e5, at din SW59FM altid yder sit bedste og holder i mange \u00e5r fremover. <\/p>\n<p>Med Wood&#8217;s SW59FM f\u00e5r du en p\u00e5lidelig og effektiv l\u00f8sning til at holde dine rum t\u00f8rre, sunde og fugtfrie hele \u00e5ret rundt.<\/p>\n<p><iframe loading=\"lazy\" title=\"Instruction video - Wood&#039;s SW59FM (English)\" width=\"500\" height=\"281\" src=\"https:\/\/www.youtube.com\/embed\/DoGgS_9A4ms?feature=oembed\" frameborder=\"0\" allow=\"accelerometer; autoplay; clipboard-write; encrypted-media; gyroscope; picture-in-picture; web-share\" referrerpolicy=\"strict-origin-when-cross-origin\" allowfullscreen><\/iframe><\/p>\n","protected":false},"excerpt":{"rendered":"<p>Wood&#8217;s SW59FM er den mest kraftfulde og energieffektive affugter i SW-serien og fjerner op til 41 liter fugt om dagen. Den er ideel til fugtkontrol i stor skala, herunder oprydning efter oversv\u00f8mmelser og vandl\u00e6kager. Den er effektiv selv ved lave temperaturer, har en kraftig ydeevne, der kan k\u00f8re d\u00f8gnet rundt, og et brugervenligt design, der g\u00f8r den perfekt til kontinuerlig drift. Fremstillet i Sverige med op til 6 \u00e5rs garanti.   <\/p>\n","protected":false},"featured_media":39087,"template":"","meta":{"_acf_changed":false},"product_brand":[],"product_cat":[852,4741],"product_tag":[911,864,863,901],"class_list":{"0":"post-41822","1":"product","2":"type-product","3":"status-publish","4":"has-post-thumbnail","6":"product_cat-affugtere","7":"product_cat-kaelder","8":"product_tag-garage-da","9":"product_tag-kaelder","10":"product_tag-loftsrum","11":"product_tag-sanere-da","12":"product_shipping_class-sweden-very-high","13":"splide__slide","15":"first","16":"instock","17":"taxable","18":"shipping-taxable","19":"purchasable","20":"product-type-simple"},"acf":[],"_links":{"self":[{"href":"https:\/\/woods.se\/da\/wp-json\/wp\/v2\/product\/41822","targetHints":{"allow":["GET"]}}],"collection":[{"href":"https:\/\/woods.se\/da\/wp-json\/wp\/v2\/product"}],"about":[{"href":"https:\/\/woods.se\/da\/wp-json\/wp\/v2\/types\/product"}],"wp:featuredmedia":[{"embeddable":true,"href":"https:\/\/woods.se\/da\/wp-json\/wp\/v2\/media\/39087"}],"wp:attachment":[{"href":"https:\/\/woods.se\/da\/wp-json\/wp\/v2\/media?parent=41822"}],"wp:term":[{"taxonomy":"product_brand","embeddable":true,"href":"https:\/\/woods.se\/da\/wp-json\/wp\/v2\/product_brand?post=41822"},{"taxonomy":"product_cat","embeddable":true,"href":"https:\/\/woods.se\/da\/wp-json\/wp\/v2\/product_cat?post=41822"},{"taxonomy":"product_tag","embeddable":true,"href":"https:\/\/woods.se\/da\/wp-json\/wp\/v2\/product_tag?post=41822"}],"curies":[{"name":"wp","href":"https:\/\/api.w.org\/{rel}","templated":true}]}}