{"id":41758,"date":"2024-12-10T13:42:51","date_gmt":"2024-12-10T12:42:51","guid":{"rendered":"https:\/\/stage.woods.se\/?post_type=product&#038;p=41758"},"modified":"2026-03-05T16:16:43","modified_gmt":"2026-03-05T15:16:43","slug":"woods-ld40","status":"publish","type":"product","link":"https:\/\/woods.se\/da\/produkter\/affugtere\/torre-vasketoj\/woods-ld40\/","title":{"rendered":"Wood&#8217;s LD40"},"content":{"rendered":"<h2>Wood&#8217;s LD40<\/h2>\n<h3>Effektiv affugter til t\u00f8rring af vasket\u00f8j<\/h3>\n<p>Wood&#8217;s LD40 er den perfekte affugter til familier med vaskerum og k\u00e6ldre, hvor h\u00f8j luftfugtighed let kan for\u00e5rsage skimmelsvamp og d\u00e5rlig lugt. K\u00e5ret til bedst i test som den mest energieffektive m\u00e5de at t\u00f8rre vasket\u00f8j p\u00e5 indend\u00f8rs. Med den kraftige topmonterede ventilator t\u00f8rres dit vasket\u00f8j sk\u00e5nsomt og hurtigt, hvilket forl\u00e6nger t\u00f8jets levetid og eliminerer ubehagelige lugte, samtidig med at der skabes et t\u00f8rt og behageligt indeklima uden fugt, uanset \u00e5rstid.  <\/p>\n<h3>Anbefalede anvendelsesomr\u00e5der<\/h3>\n<p><strong>K\u00e6ldre med vaskerum:<\/strong> H\u00f8j luftfugtighed fra vasket\u00f8j kr\u00e6ver en affugter som LD40, der hurtigt, effektivt og sk\u00e5nsomt t\u00f8rrer alle typer vasket\u00f8j og samtidig beskytter hele k\u00e6lderen mod fugt. Det forl\u00e6nger b\u00e5de bygningens og dit t\u00f8js levetid.<br \/>\n<strong>Vaskerum:<\/strong> En ideel l\u00f8sning til vaskerum, hvor luftfugtigheden hurtigt stiger. LD40 t\u00f8rrer t\u00f8jet hurtigt og sk\u00e5nsomt og efterlader det uden ubehagelige lugte.<br \/>\n<strong>K\u00e6lder:<\/strong> Til bek\u00e6mpelse af fugtproblemer i k\u00e6ldre, hvor d\u00e5rlig ventilation og kulde ofte f\u00f8rer til skimmelsvamp. LD40 holder luftfugtigheden under kontrol og skaber et friskt og p\u00e5lideligt opbevaringsmilj\u00f8 hele \u00e5ret rundt. <\/p>\n\n<h3>H\u00f8j kapacitet og luftstr\u00f8m for effektiv cirkulation<\/h3>\n<p>LD40 har en imponerende affugtningskapacitet p\u00e5 op til 13 liter pr. dag og en luftstr\u00f8m p\u00e5 op til 350 m\u00b3\/t, hvilket betyder, at den effektivt t\u00f8rrer dit vasket\u00f8j, samtidig med at den styrer luftfugtigheden i alle rum og opdelte rum. Det g\u00f8r LD40 til det perfekte valg til b\u00e5de vaskerum og k\u00e6ldre. <\/p>\n<h3>Styring med smarte funktioner<\/h3>\n<p>LD40 har et digitalt display, hvor man kan afl\u00e6se den aktuelle luftfugtighed og temperatur og v\u00e6lge en af fire smarte driftstilstande:<br \/>\n<strong>Vasket\u00f8j:<\/strong> T\u00f8rrer vasket\u00f8j med maksimal affugtning og bl\u00e6serhastighed.<br \/>\n<strong>Ventilator:<\/strong> T\u00f8rrer altid vasket\u00f8j med ventilatoren og affugter til det \u00f8nskede niveau.<br \/>\n<strong>Normal:<\/strong> Affugter til det \u00f8nskede niveau.<br \/>\n<strong>Easy:<\/strong> Affugter til 50 % relativ luftfugtighed med lav bl\u00e6serhastighed.<\/p>\n<h3>Brugervenlig funktion, der kan tilpasses<\/h3>\n<p>LD40 er udstyret med en rummelig vandtank p\u00e5 11,4 liter, og der er ogs\u00e5 mulighed for at tilslutte en slange (medf\u00f8lger ikke) til direkte afl\u00f8b til et afl\u00f8b, hvilket g\u00f8r det lettere at bruge den kontinuerligt. Du kan ogs\u00e5 v\u00e6lge at placere affugteren direkte over et gulvafl\u00f8b. For ekstra sikkerhed starter LD40 automatisk efter str\u00f8msvigt, og enheden vender tilbage til sine sidste indstillinger for at sikre, at fugtighedsreguleringen ikke afbrydes p\u00e5 disse tidspunkter.  <\/p>\n<h3>Effektivt skimmel- og partikelfilter<\/h3>\n<p>LD40 er udstyret med et Woods SMF-filter, der effektivt fanger st\u00f8v- og skimmelpartikler i luften og holder dine rum fri for fugt, skimmel og lugt hele \u00e5ret rundt. Desuden beskytter filteret affugteren og forl\u00e6nger dens levetid, hvilket g\u00f8r den til en sikker og langsigtet l\u00f8sning. <\/p>\n<h3>Effektiv hele \u00e5ret rundt, selv ved lave temperaturer<\/h3>\n<p>Med sit i-EcoDefrost-system arbejder LD40 effektivt selv ved lave temperaturer, ned til +2\u00b0C. Den er derfor ogs\u00e5 velegnet til rum, der kr\u00e6ver fugtkontrol uanset \u00e5rstid, og garanterer et t\u00f8rt og sikkert milj\u00f8 hele \u00e5ret. <\/p>\n<h3>Bygget til at holde l\u00e6nge<\/h3>\n<p>Wood&#8217;s LD40 er designet og fremstillet i Sverige til at modst\u00e5 barske forhold. Det robuste metalkabinet beskytter komponenterne af h\u00f8j kvalitet og sikrer, at affugteren kan fungere optimalt, selv i kr\u00e6vende milj\u00f8er. LD40 er ogs\u00e5 sikker at bruge d\u00f8gnet rundt, \u00e5ret rundt, hvilket g\u00f8r den til en p\u00e5lidelig l\u00f8sning til t\u00f8rring af vasket\u00f8j natten over, samtidig med at den tager sig af fugt.  <\/p>\n<h3>F\u00e5 en udvidet garanti p\u00e5 op til 10 \u00e5r<\/h3>\n<p>Registrer din LD40 p\u00e5 warranty.woods.com, og forl\u00e6ng garantien til hele 10 \u00e5r ved at udskifte filteret en gang om \u00e5ret (kr\u00e6ver kvittering). Du vil ogs\u00e5 modtage p\u00e5mindelser om filterudskiftninger, hvilket g\u00f8r det nemt at vedligeholde affugteren og sikre, at den yder sit bedste i mange \u00e5r. <\/p>\n<p>Med LD40 f\u00e5r du en holdbar, brugervenlig og kraftfuld affugter, der hurtigt t\u00f8rrer dit vasket\u00f8j og holder dine rum t\u00f8rre og fri for fugt og skimmel. V\u00e6lg LD40 for at f\u00e5 et sikkert og effektivt indeklima i b\u00e5de vaskerum og k\u00e6ldre, hele \u00e5ret rundt. <\/p>\n<p>&nbsp;<\/p>\n","protected":false},"excerpt":{"rendered":"<p>LD40 er k\u00e5ret som bedst i test og er en effektiv affugter til vaskerum og k\u00e6ldre. Med en h\u00f8j affugtningskapacitet og en kraftig ventilator t\u00f8rrer den vasket\u00f8jet hurtigt og sk\u00e5nsomt og holder rummet fri for fugt. Perfekt til familier med meget vasket\u00f8j. Den er nem at bruge med fire smarte driftstilstande, et skimmelfilter, en stor vandtank og mulighed for at tilslutte en slange. LD40 er fremstillet i Sverige med op til 10 \u00e5rs garanti og er designet til kontinuerlig drift, s\u00e5 den trygt kan st\u00e5 t\u00e6ndt d\u00f8gnet rundt.    <\/p>\n","protected":false},"featured_media":41153,"template":"","meta":{"_acf_changed":false},"product_brand":[],"product_cat":[852,4745],"product_tag":[907,908,935],"class_list":{"0":"post-41758","1":"product","2":"type-product","3":"status-publish","4":"has-post-thumbnail","6":"product_cat-affugtere","7":"product_cat-torre-vasketoj","8":"product_tag-torring-af-vasketoj-i-kaelderen","9":"product_tag-torring-af-vasketoj-i-vaskerummet","10":"product_tag-tort-vasketoj","11":"product_shipping_class-very-high","12":"splide__slide","14":"first","15":"instock","16":"taxable","17":"shipping-taxable","18":"purchasable","19":"product-type-simple"},"acf":[],"_links":{"self":[{"href":"https:\/\/woods.se\/da\/wp-json\/wp\/v2\/product\/41758","targetHints":{"allow":["GET"]}}],"collection":[{"href":"https:\/\/woods.se\/da\/wp-json\/wp\/v2\/product"}],"about":[{"href":"https:\/\/woods.se\/da\/wp-json\/wp\/v2\/types\/product"}],"wp:featuredmedia":[{"embeddable":true,"href":"https:\/\/woods.se\/da\/wp-json\/wp\/v2\/media\/41153"}],"wp:attachment":[{"href":"https:\/\/woods.se\/da\/wp-json\/wp\/v2\/media?parent=41758"}],"wp:term":[{"taxonomy":"product_brand","embeddable":true,"href":"https:\/\/woods.se\/da\/wp-json\/wp\/v2\/product_brand?post=41758"},{"taxonomy":"product_cat","embeddable":true,"href":"https:\/\/woods.se\/da\/wp-json\/wp\/v2\/product_cat?post=41758"},{"taxonomy":"product_tag","embeddable":true,"href":"https:\/\/woods.se\/da\/wp-json\/wp\/v2\/product_tag?post=41758"}],"curies":[{"name":"wp","href":"https:\/\/api.w.org\/{rel}","templated":true}]}}