{"id":41755,"date":"2024-12-10T13:45:08","date_gmt":"2024-12-10T12:45:08","guid":{"rendered":"https:\/\/stage.woods.se\/?post_type=product&#038;p=41755"},"modified":"2025-08-21T14:01:58","modified_gmt":"2025-08-21T12:01:58","slug":"woods-ld44","status":"publish","type":"product","link":"https:\/\/woods.se\/da\/produkter\/affugtere\/torre-vasketoj\/woods-ld44\/","title":{"rendered":"Wood&#8217;s LD44"},"content":{"rendered":"<h2>Wood&#8217;s LD44<\/h2>\n<h3>Kraftig affugter til t\u00f8rring af vasket\u00f8j<\/h3>\n<p>Wood&#8217;s LD44 er den ideelle affugter til familier med vaskerum og k\u00e6ldre, hvor h\u00f8j luftfugtighed nemt kan give problemer med fugt og vasket\u00f8j, der aldrig t\u00f8rrer. Med den kraftige udsugningsventilator p\u00e5 toppen t\u00f8rres vasket\u00f8jet hurtigt og sk\u00e5nsomt. Det forl\u00e6nger t\u00f8jets levetid og efterlader det med en frisk duft, samtidig med at det skaber et t\u00f8rt og behageligt indeklima uden fugt, uanset \u00e5rstiden.<\/p>\n<h3>Anbefalede anvendelsesomr\u00e5der<\/h3>\n<p><strong>K\u00e6ldre med vaskerum: <\/strong>H\u00f8j luftfugtighed fra vasket\u00f8j kr\u00e6ver en affugter som LD44, der hurtigt, effektivt og sk\u00e5nsomt t\u00f8rrer alle typer vasket\u00f8j og samtidig beskytter hele k\u00e6lderen mod fugt. Det forl\u00e6nger b\u00e5de bygningens og dit t\u00f8js levetid.<br \/>\n<strong>Vaskerum:<\/strong> En ideel l\u00f8sning til vaskerum, hvor luftfugtigheden hurtigt bliver for h\u00f8j. LD44 t\u00f8rrer hurtigt og sk\u00e5nsomt alle typer vasket\u00f8j og efterlader det uden ubehagelige lugte.<br \/>\n<strong>K\u00e6ldre:<\/strong> LD44 bek\u00e6mper fugtproblemer i k\u00e6ldre, hvor d\u00e5rlig ventilation og fugt ofte f\u00f8rer til skimmelsvamp og ubehagelige lugte. Den holder altid luftfugtigheden under kontrol og skaber et friskt og p\u00e5lideligt opbevaringsmilj\u00f8 \u00e5ret rundt.<\/p>\n\n<h3>H\u00f8j kapacitet og luftstr\u00f8m for effektiv cirkulation<\/h3>\n<p>LD44 er det perfekte valg til b\u00e5de vaskerum og k\u00e6ldre. Med en meget h\u00f8j affugtningskapacitet p\u00e5 op til 19 liter om dagen og en luftstr\u00f8m p\u00e5 op til 300 m\u00b3\/t t\u00f8rrer den effektivt alt dit vasket\u00f8j, mens den styrer fugten i alle rum, selv i opdelte rum.<\/p>\n<h3>Styring med smarte funktioner<\/h3>\n<p>LD44 har et digitalt display, hvor man kan afl\u00e6se den aktuelle luftfugtighed og temperatur og v\u00e6lge en af fire smarte driftstilstande:<br \/>\n<strong>Vasket\u00f8j: <\/strong>T\u00f8rrer vasket\u00f8j med maksimal affugtning og bl\u00e6serhastighed.<br \/>\n<strong>Ventilator: <\/strong>T\u00f8rrer altid vasket\u00f8j med ventilatoren og affugter til det \u00f8nskede niveau.<br \/>\n<strong>Normal:<\/strong> Affugter til det \u00f8nskede niveau.<br \/>\n<strong>Easy:<\/strong> Affugter til 50 % relativ luftfugtighed med lav bl\u00e6serhastighed.<\/p>\n<h3>Let at bruge og kan tilpasses<\/h3>\n<p>LD44 har en rummelig vandtank p\u00e5 11,4 liter, men du kan ogs\u00e5 tilslutte en slange (medf\u00f8lger ikke) til direkte afl\u00f8b, hvilket g\u00f8r det nemmere at bruge den kontinuerligt. Det smarte design g\u00f8r det ogs\u00e5 muligt at placere affugteren direkte over et gulvafl\u00f8b. For at give ekstra ro i sindet starter LD44 automatisk efter str\u00f8msvigt, og enheden vender tilbage til sine sidste indstillinger for at sikre en sikker fugtighedskontrol.<\/p>\n<h3>Effektivt skimmel- og partikelfilter<\/h3>\n<p>LD44 er udstyret med et Woods SMF-filter, der effektivt fanger st\u00f8v- og skimmelpartikler i luften og holder dine rum fri for fugt, skimmel og lugt hele \u00e5ret rundt. Desuden beskytter filteret affugteren og forl\u00e6nger dens levetid, hvilket g\u00f8r den til en sikker og langsigtet l\u00f8sning.<\/p>\n<h3>Effektiv hele \u00e5ret rundt, selv ved lave temperaturer<\/h3>\n<p>Med det svenskudviklede i-EcoDefrost-system arbejder LD44 effektivt selv ved temperaturer helt ned til +2 \u00b0C. Den er derfor ogs\u00e5 velegnet til rum, der kr\u00e6ver affugtning uanset \u00e5rstid, og garanterer et t\u00f8rt og sikkert milj\u00f8 hele \u00e5ret rundt.<\/p>\n<h3>Fremstillet i Sverige &#8211; bygget til at holde<\/h3>\n<p>Wood&#8217;s LD44 er designet og fremstillet i Sverige til at modst\u00e5 barske forhold. Det robuste metalkabinet beskytter komponenterne af h\u00f8j kvalitet og sikrer, at affugteren kan fungere optimalt, selv i kr\u00e6vende milj\u00f8er. LD44 er ogs\u00e5 sikker at bruge d\u00f8gnet rundt, \u00e5ret rundt, hvilket g\u00f8r den til en p\u00e5lidelig l\u00f8sning til t\u00f8rring af vasket\u00f8j natten over, samtidig med at den tager sig af fugten.<\/p>\n<h3>F\u00e5 en udvidet garanti p\u00e5 op til 10 \u00e5r<\/h3>\n<p>Registrer din LD44 p\u00e5 <a href=\"https:\/\/warranty-woods.com\/\">warranty.woods.com<\/a>, og forl\u00e6ng garantien med op til 10 \u00e5r ved at udskifte filteret en gang om \u00e5ret (kr\u00e6ver kvittering). Du vil ogs\u00e5 modtage p\u00e5mindelser om filterudskiftning, hvilket g\u00f8r det nemt at vedligeholde affugteren og sikre, at den yder sit bedste i mange \u00e5r fremover.<\/p>\n<p>Med LD44 f\u00e5r du en kraftfuld, brugervenlig og energieffektiv affugter, der hurtigt t\u00f8rrer dit vasket\u00f8j og holder dine rum t\u00f8rre og fri for fugt og skimmel. V\u00e6lg LD44 for at f\u00e5 et sikkert og effektivt indeklima i b\u00e5de vaskerum og k\u00e6ldre, hele \u00e5ret rundt.<\/p>\n","protected":false},"excerpt":{"rendered":"<p>LD44 er en meget effektiv affugter til vaskerum og k\u00e6ldre. Dens h\u00f8je kapacitet og kraftige ventilator t\u00f8rrer hurtigt og sk\u00e5nsomt alle typer vasket\u00f8j og holder rummet fri for fugt. Perfekt til familier med meget vasket\u00f8j. Den er nem at bruge og har fire smarte driftstilstande, et skimmelfilter, en stor vandtank og mulighed for at tilslutte en slange. LD44 er fremstillet i Sverige med op til 10 \u00e5rs garanti og udviklet til kontinuerlig drift, s\u00e5 den trygt kan st\u00e5 t\u00e6ndt d\u00f8gnet rundt.<\/p>\n","protected":false},"featured_media":41153,"template":"","meta":{"_acf_changed":false},"product_brand":[],"product_cat":[852,4745],"product_tag":[907,908,935],"class_list":{"0":"post-41755","1":"product","2":"type-product","3":"status-publish","4":"has-post-thumbnail","6":"product_cat-affugtere","7":"product_cat-torre-vasketoj","8":"product_tag-torring-af-vasketoj-i-kaelderen","9":"product_tag-torring-af-vasketoj-i-vaskerummet","10":"product_tag-tort-vasketoj","11":"product_shipping_class-sweden-very-high","12":"splide__slide","14":"first","15":"instock","16":"taxable","17":"shipping-taxable","18":"purchasable","19":"product-type-simple"},"acf":[],"_links":{"self":[{"href":"https:\/\/woods.se\/da\/wp-json\/wp\/v2\/product\/41755","targetHints":{"allow":["GET"]}}],"collection":[{"href":"https:\/\/woods.se\/da\/wp-json\/wp\/v2\/product"}],"about":[{"href":"https:\/\/woods.se\/da\/wp-json\/wp\/v2\/types\/product"}],"wp:featuredmedia":[{"embeddable":true,"href":"https:\/\/woods.se\/da\/wp-json\/wp\/v2\/media\/41153"}],"wp:attachment":[{"href":"https:\/\/woods.se\/da\/wp-json\/wp\/v2\/media?parent=41755"}],"wp:term":[{"taxonomy":"product_brand","embeddable":true,"href":"https:\/\/woods.se\/da\/wp-json\/wp\/v2\/product_brand?post=41755"},{"taxonomy":"product_cat","embeddable":true,"href":"https:\/\/woods.se\/da\/wp-json\/wp\/v2\/product_cat?post=41755"},{"taxonomy":"product_tag","embeddable":true,"href":"https:\/\/woods.se\/da\/wp-json\/wp\/v2\/product_tag?post=41755"}],"curies":[{"name":"wp","href":"https:\/\/api.w.org\/{rel}","templated":true}]}}