{"id":41754,"date":"2024-12-10T13:46:08","date_gmt":"2024-12-10T12:46:08","guid":{"rendered":"https:\/\/stage.woods.se\/?post_type=product&#038;p=41754"},"modified":"2026-03-06T14:43:20","modified_gmt":"2026-03-06T13:43:20","slug":"woods-ld48-pro","status":"publish","type":"product","link":"https:\/\/woods.se\/da\/produkter\/affugtere\/torre-vasketoj\/woods-ld48-pro\/","title":{"rendered":"Wood&#8217;s LD48 Pro+"},"content":{"rendered":"<h2>Wood&#8217;s LD48Pro+<\/h2>\n<h3>Kraftig affugter til t\u00f8rring af vasket\u00f8j<\/h3>\n<p>Wood&#8217;s LD48Pro+ er det bedste valg af affugter til familier med vaskerum, hvor vaskemaskinen ofte k\u00f8rer, og der produceres meget fugt. Dens meget h\u00f8je kapacitet affugter selv store k\u00e6ldre og rum, hvor h\u00f8j luftfugtighed let kan give problemer med fugt og skimmel. Med den kraftige topmonterede udsugningsventilator t\u00f8rres alle typer vasket\u00f8j hurtigt, sk\u00e5nsomt og energieffektivt, hvilket forl\u00e6nger t\u00f8jets levetid og efterlader det med en frisk duft.  <\/p>\n<h3>Anbefalede anvendelsesomr\u00e5der<\/h3>\n<p><strong>K\u00e6ldre med vaskerum:<\/strong> H\u00f8j luftfugtighed fra vasket\u00f8j kr\u00e6ver en affugter som LD48Pro+, der hurtigt, effektivt og sk\u00e5nsomt t\u00f8rrer alle typer vasket\u00f8j og samtidig beskytter hele k\u00e6lderen, uanset st\u00f8rrelse, mod fugt. Det forl\u00e6nger b\u00e5de bygningens og t\u00f8jets levetid.<br \/>\n<strong>Vaskerum:<\/strong> En ideel l\u00f8sning til vaskerum, hvor luftfugtigheden hurtigt bliver for h\u00f8j. LD48Pro+ t\u00f8rrer alle typer vasket\u00f8j hurtigt og sk\u00e5nsomt og efterlader det uden ubehagelige lugte.<br \/>\n<strong>K\u00e6ldre:<\/strong> LD48Pro+ bek\u00e6mper fugtproblemer selv i store k\u00e6ldre, hvor d\u00e5rlig ventilation og fugt ofte f\u00f8rer til skimmelsvamp og ubehagelige lugte. Den holder altid luftfugtigheden under kontrol og skaber et friskt og p\u00e5lideligt opbevaringsmilj\u00f8 \u00e5ret rundt. <\/p>\n\n<h3>H\u00f8jeste kapacitet og h\u00f8j luftstr\u00f8m for effektiv cirkulation<\/h3>\n<p>LD48Pro+ er det mest kraftfulde valg til b\u00e5de vaskerum og k\u00e6ldre. Med en meget h\u00f8j affugtningskapacitet p\u00e5 op til 31 liter pr. dag og en luftstr\u00f8m p\u00e5 op til 300 m\u00b3\/t t\u00f8rrer den effektivt alt dit vasket\u00f8j og h\u00e5ndterer samtidig fugt i alle rum. <\/p>\n<h3>Styring med smarte funktioner<\/h3>\n<p>LD48Pro+ har et digitalt display, hvor man kan afl\u00e6se den aktuelle luftfugtighed og temperatur og v\u00e6lge en af fire smarte driftstilstande:<br \/>\n<strong>Vasket\u00f8j:<\/strong> T\u00f8rrer vasket\u00f8j med maksimal affugtning og bl\u00e6serhastighed.<br \/>\n<strong>Ventilator:<\/strong> T\u00f8rrer altid vasket\u00f8j med ventilatoren og affugter til det \u00f8nskede niveau.<br \/>\n<strong>Normal: <\/strong>Affugter til det \u00f8nskede niveau.<br \/>\n<strong>Easy:<\/strong> Affugter til 50 % relativ luftfugtighed med lav bl\u00e6serhastighed.<\/p>\n<h3>Let at bruge og kan tilpasses<\/h3>\n<p>LD48Pro+ er udstyret med en rummelig vandtank p\u00e5 11,4 liter, men du kan ogs\u00e5 v\u00e6lge at tilslutte en slange (medf\u00f8lger ikke) til direkte afl\u00f8b til et dr\u00e6n for at lette kontinuerlig brug. Det smarte design g\u00f8r det ogs\u00e5 muligt at placere affugteren direkte over et gulvafl\u00f8b. For at give ekstra ro i sindet starter LD48Pro+ automatisk efter str\u00f8msvigt, og enheden vender tilbage til sine sidste indstillinger for at sikre en sikker fugtighedskontrol til enhver tid.  <\/p>\n<h3>Effektivt skimmel- og partikelfilter<\/h3>\n<p>LD48Pro+ er udstyret med et Wood&#8217;s SMF-filter, der effektivt indfanger st\u00f8v- og skimmelpartikler i luften og holder dine rum fri for fugt, skimmel og lugt \u00e5ret rundt. Filteret beskytter ogs\u00e5 affugteren og forl\u00e6nger dens levetid, hvilket g\u00f8r den til en sikker og langsigtet l\u00f8sning. <\/p>\n<h3>Effektiv hele \u00e5ret rundt, selv ved lave temperaturer<\/h3>\n<p>Med det svenskudviklede i-EcoDefrost-system fungerer LD48Pro+ effektivt selv ved temperaturer helt ned til +2 \u00b0C. Den er derfor ogs\u00e5 velegnet til rum, der kr\u00e6ver affugtning uanset \u00e5rstid, og garanterer et t\u00f8rt og sikkert milj\u00f8 hele \u00e5ret rundt. <\/p>\n<h3>Fremstillet i Sverige &#8211; bygget til at holde<\/h3>\n<p>Wood&#8217;s LD48Pro+ er designet og fremstillet i Sverige til at modst\u00e5 barske forhold. Det robuste metalkabinet beskytter komponenterne af h\u00f8j kvalitet og sikrer, at affugteren kan fungere optimalt, selv i kr\u00e6vende milj\u00f8er. LD48Pro+ er ogs\u00e5 sikker at bruge d\u00f8gnet rundt, \u00e5ret rundt, hvilket g\u00f8r den til en p\u00e5lidelig l\u00f8sning til t\u00f8rring af vasket\u00f8j natten over, samtidig med at den tager sig af fugten.  <\/p>\n<h3>F\u00e5 en udvidet garanti p\u00e5 op til 10 \u00e5r<\/h3>\n<p>Registrer din LD48Pro+ p\u00e5 <a href=\"https:\/\/warranty-woods.com\/\">warranty.woods.com, <\/a>og forl\u00e6ng garantien til op til 10 \u00e5r ved at udskifte filteret en gang om \u00e5ret (kr\u00e6ver kvittering). Du vil ogs\u00e5 modtage p\u00e5mindelser om filterudskiftning, hvilket g\u00f8r det nemt at vedligeholde affugteren og sikre, at den yder sit bedste i mange \u00e5r fremover. <\/p>\n<p>Med LD48Pro+ f\u00e5r du den mest kraftfulde og energieffektive affugter, der hurtigt t\u00f8rrer dit vasket\u00f8j og holder store rum t\u00f8rre og fri for fugt og skimmel. V\u00e6lg LD48Pro+ for at f\u00e5 et sikkert og effektivt indeklima i b\u00e5de vaskerum og k\u00e6ldre, hele \u00e5ret rundt. <\/p>\n","protected":false},"excerpt":{"rendered":"<p>LD48Pro+ er en meget kraftig affugter til vaskerum og k\u00e6ldre. Med maksimal kapacitet og en kraftig ventilator t\u00f8rrer den hurtigt og sk\u00e5nsomt alle typer vasket\u00f8j og holder store rum fri for fugt. Perfekt til flerfamiliehuse og familier med meget vasket\u00f8j. Den er nem at bruge og har fire smarte driftstilstande, et skimmelfilter, en stor vandtank og mulighed for at tilslutte en slange. LD48Pro+ er svenskproduceret med op til 10 \u00e5rs garanti og designet til kontinuerlig drift, s\u00e5 den trygt kan st\u00e5 t\u00e6ndt d\u00f8gnet rundt.    <\/p>\n","protected":false},"featured_media":41153,"template":"","meta":{"_acf_changed":false},"product_brand":[],"product_cat":[852,4745,3837],"product_tag":[907,908,935],"class_list":{"0":"post-41754","1":"product","2":"type-product","3":"status-publish","4":"has-post-thumbnail","6":"product_cat-affugtere","7":"product_cat-torre-vasketoj","8":"product_cat-villaagarna","9":"product_tag-torring-af-vasketoj-i-kaelderen","10":"product_tag-torring-af-vasketoj-i-vaskerummet","11":"product_tag-tort-vasketoj","12":"product_shipping_class-sweden-very-high","13":"splide__slide","15":"first","16":"instock","17":"taxable","18":"shipping-taxable","19":"purchasable","20":"product-type-simple"},"acf":[],"_links":{"self":[{"href":"https:\/\/woods.se\/da\/wp-json\/wp\/v2\/product\/41754","targetHints":{"allow":["GET"]}}],"collection":[{"href":"https:\/\/woods.se\/da\/wp-json\/wp\/v2\/product"}],"about":[{"href":"https:\/\/woods.se\/da\/wp-json\/wp\/v2\/types\/product"}],"wp:featuredmedia":[{"embeddable":true,"href":"https:\/\/woods.se\/da\/wp-json\/wp\/v2\/media\/41153"}],"wp:attachment":[{"href":"https:\/\/woods.se\/da\/wp-json\/wp\/v2\/media?parent=41754"}],"wp:term":[{"taxonomy":"product_brand","embeddable":true,"href":"https:\/\/woods.se\/da\/wp-json\/wp\/v2\/product_brand?post=41754"},{"taxonomy":"product_cat","embeddable":true,"href":"https:\/\/woods.se\/da\/wp-json\/wp\/v2\/product_cat?post=41754"},{"taxonomy":"product_tag","embeddable":true,"href":"https:\/\/woods.se\/da\/wp-json\/wp\/v2\/product_tag?post=41754"}],"curies":[{"name":"wp","href":"https:\/\/api.w.org\/{rel}","templated":true}]}}