{"id":48427,"date":"2025-03-21T09:59:50","date_gmt":"2025-03-21T08:59:50","guid":{"rendered":"https:\/\/stage.woods.se\/?page_id=48427"},"modified":"2026-03-13T16:43:33","modified_gmt":"2026-03-13T15:43:33","slug":"affugtere-til-toerring-af-vasketoej-i-kaeldre","status":"publish","type":"page","link":"https:\/\/woods.se\/da\/affugtere-til-toerring-af-vasketoej-i-kaeldre\/","title":{"rendered":"Affugtere til t\u00f8rring af vasket\u00f8j i k\u00e6ldre"},"content":{"rendered":"","protected":false},"excerpt":{"rendered":"","protected":false},"author":2,"featured_media":0,"parent":0,"menu_order":0,"comment_status":"closed","ping_status":"closed","template":"","meta":{"_acf_changed":false,"footnotes":""},"class_list":["post-48427","page","type-page","status-publish","hentry","splide__slide"],"acf":[],"_links":{"self":[{"href":"https:\/\/woods.se\/da\/wp-json\/wp\/v2\/pages\/48427","targetHints":{"allow":["GET"]}}],"collection":[{"href":"https:\/\/woods.se\/da\/wp-json\/wp\/v2\/pages"}],"about":[{"href":"https:\/\/woods.se\/da\/wp-json\/wp\/v2\/types\/page"}],"author":[{"embeddable":true,"href":"https:\/\/woods.se\/da\/wp-json\/wp\/v2\/users\/2"}],"replies":[{"embeddable":true,"href":"https:\/\/woods.se\/da\/wp-json\/wp\/v2\/comments?post=48427"}],"version-history":[{"count":0,"href":"https:\/\/woods.se\/da\/wp-json\/wp\/v2\/pages\/48427\/revisions"}],"wp:attachment":[{"href":"https:\/\/woods.se\/da\/wp-json\/wp\/v2\/media?parent=48427"}],"curies":[{"name":"wp","href":"https:\/\/api.w.org\/{rel}","templated":true}]}}